{"id":112,"date":"2014-10-21T14:28:53","date_gmt":"2014-10-21T14:28:53","guid":{"rendered":"https:\/\/avvbufala.org\/?page_id=112"},"modified":"2025-08-31T10:00:21","modified_gmt":"2025-08-31T10:00:21","slug":"contacte-2","status":"publish","type":"page","link":"https:\/\/avvbufala.org\/?page_id=112","title":{"rendered":"Contacte"},"content":{"rendered":"\t\t<div data-elementor-type=\"wp-page\" data-elementor-id=\"112\" class=\"elementor elementor-112\">\n\t\t\t\t\t\t<section class=\"elementor-section elementor-top-section elementor-element elementor-element-ae618fe elementor-section-boxed elementor-section-height-default elementor-section-height-default\" data-id=\"ae618fe\" data-element_type=\"section\">\n\t\t\t\t\t\t<div class=\"elementor-container elementor-column-gap-default\">\n\t\t\t\t\t<div class=\"elementor-column elementor-col-50 elementor-top-column elementor-element elementor-element-c723b37\" data-id=\"c723b37\" data-element_type=\"column\">\n\t\t\t<div class=\"elementor-widget-wrap\">\n\t\t\t\t\t\t\t<\/div>\n\t\t<\/div>\n\t\t\t\t<div class=\"elementor-column elementor-col-50 elementor-top-column elementor-element elementor-element-d0b74c5\" data-id=\"d0b74c5\" data-element_type=\"column\">\n\t\t\t<div class=\"elementor-widget-wrap elementor-element-populated\">\n\t\t\t\t\t\t<div class=\"elementor-element elementor-element-0f2fc19 elementor-widget__width-initial elementor-absolute elementor-widget elementor-widget-google_maps\" data-id=\"0f2fc19\" data-element_type=\"widget\" data-settings=\"{&quot;_position&quot;:&quot;absolute&quot;}\" data-widget_type=\"google_maps.default\">\n\t\t\t\t<div class=\"elementor-widget-container\">\n\t\t\t\t\t\t\t<div class=\"elementor-custom-embed\">\n\t\t\t<iframe loading=\"lazy\"\n\t\t\t\t\tsrc=\"https:\/\/maps.google.com\/maps?q=Pla%C3%A7a%20Maria%20Aur%C3%A8lia%20Capmany%2C%206-9%2008915%20-%20Badalona%20&#038;t=m&#038;z=15&#038;output=embed&#038;iwloc=near\"\n\t\t\t\t\ttitle=\"Pla\u00e7a Maria Aur\u00e8lia Capmany, 6-9 08915 - Badalona \"\n\t\t\t\t\taria-label=\"Pla\u00e7a Maria Aur\u00e8lia Capmany, 6-9 08915 - Badalona \"\n\t\t\t><\/iframe>\n\t\t<\/div>\n\t\t\t\t\t\t<\/div>\n\t\t\t\t<\/div>\n\t\t\t\t\t<\/div>\n\t\t<\/div>\n\t\t\t\t\t<\/div>\n\t\t<\/section>\n\t\t\t\t<section class=\"elementor-section elementor-top-section elementor-element elementor-element-3c0f2c9 elementor-section-boxed elementor-section-height-default elementor-section-height-default\" data-id=\"3c0f2c9\" data-element_type=\"section\">\n\t\t\t\t\t\t<div class=\"elementor-container elementor-column-gap-default\">\n\t\t\t\t\t<div class=\"elementor-column elementor-col-100 elementor-top-column elementor-element elementor-element-681575d\" data-id=\"681575d\" data-element_type=\"column\">\n\t\t\t<div class=\"elementor-widget-wrap elementor-element-populated\">\n\t\t\t\t\t\t<div class=\"elementor-element elementor-element-c2e7fa2 elementor-widget elementor-widget-text-editor\" data-id=\"c2e7fa2\" data-element_type=\"widget\" data-widget_type=\"text-editor.default\">\n\t\t\t\t<div class=\"elementor-widget-container\">\n\t\t\t\t\t\t\t\t\t<p>Si vols fer-nos cap consulta o pregunta, si vols col\u00b7laborar amb l&#8217;Avv de Bufal\u00e0, si tens cap queixa o idea, posa&#8217;t en contacte amb nosaltres a trav\u00e9s del formulari de contacte que t&#8217;oferim a continuaci\u00f3.<\/p>\n<p>Com veur\u00e0s, hi ha diferents seccions depenent del tipus de consulta que necessitis. Escriu-nos i et respondrem aviat.<\/p>\n<p>Si prefereixes estirar les cames, vine&#8217;ns a veure a <span style=\"color: #ff0000;\"><strong>Pla\u00e7a Maria Aur\u00e8lia Campany, n\u00fam 6-9.<\/strong><\/span><\/p>\t\t\t\t\t\t\t\t<\/div>\n\t\t\t\t<\/div>\n\t\t\t\t\t<\/div>\n\t\t<\/div>\n\t\t\t\t\t<\/div>\n\t\t<\/section>\n\t\t\t\t<section class=\"elementor-section elementor-top-section elementor-element elementor-element-26dbf20f elementor-section-boxed elementor-section-height-default elementor-section-height-default\" data-id=\"26dbf20f\" data-element_type=\"section\">\n\t\t\t\t\t\t<div class=\"elementor-container elementor-column-gap-default\">\n\t\t\t\t\t<div class=\"elementor-column elementor-col-100 elementor-top-column elementor-element elementor-element-62752291\" data-id=\"62752291\" data-element_type=\"column\">\n\t\t\t<div class=\"elementor-widget-wrap elementor-element-populated\">\n\t\t\t\t\t\t<div class=\"elementor-element elementor-element-3fbaa282 elementor-widget elementor-widget-text-editor\" data-id=\"3fbaa282\" data-element_type=\"widget\" data-widget_type=\"text-editor.default\">\n\t\t\t\t<div class=\"elementor-widget-container\">\n\t\t\t\t\t\t\t\t\t<p>\n<div class=\"wpcf7 no-js\" id=\"wpcf7-f5847-o1\" lang=\"es-ES\" dir=\"ltr\">\n<div class=\"screen-reader-response\"><p role=\"status\" aria-live=\"polite\" aria-atomic=\"true\"><\/p> <ul><\/ul><\/div>\n<form action=\"\/index.php?rest_route=%2Fwp%2Fv2%2Fpages%2F112#wpcf7-f5847-o1\" method=\"post\" class=\"wpcf7-form init\" aria-label=\"Formulario de contacto\" novalidate=\"novalidate\" data-status=\"init\">\n<div style=\"display: none;\">\n<input type=\"hidden\" name=\"_wpcf7\" value=\"5847\" \/>\n<input type=\"hidden\" name=\"_wpcf7_version\" value=\"5.9.8\" \/>\n<input type=\"hidden\" name=\"_wpcf7_locale\" value=\"es_ES\" \/>\n<input type=\"hidden\" name=\"_wpcf7_unit_tag\" value=\"wpcf7-f5847-o1\" \/>\n<input type=\"hidden\" name=\"_wpcf7_container_post\" value=\"0\" \/>\n<input type=\"hidden\" name=\"_wpcf7_posted_data_hash\" value=\"\" \/>\n<input type=\"hidden\" name=\"_wpcf7_recaptcha_response\" value=\"\" \/>\n<\/div>\n<p>El seu nom (requerit)\n<\/p>\n<p><span class=\"wpcf7-form-control-wrap\" data-name=\"your-name\"><input size=\"40\" maxlength=\"400\" class=\"wpcf7-form-control wpcf7-text wpcf7-validates-as-required\" aria-required=\"true\" aria-invalid=\"false\" value=\"\" type=\"text\" name=\"your-name\" \/><\/span>\n<\/p>\n<p>El seu correu (requerit)\n<\/p>\n<p><span class=\"wpcf7-form-control-wrap\" data-name=\"your-email\"><input size=\"40\" maxlength=\"400\" class=\"wpcf7-form-control wpcf7-email wpcf7-validates-as-required wpcf7-text wpcf7-validates-as-email\" aria-required=\"true\" aria-invalid=\"false\" value=\"\" type=\"email\" name=\"your-email\" \/><\/span>\n<\/p>\n<p>Per (requerit):\n<\/p>\n<p><span class=\"wpcf7-form-control-wrap\" data-name=\"Perobligatori\"><select class=\"wpcf7-form-control wpcf7-select wpcf7-validates-as-required\" aria-required=\"true\" aria-invalid=\"false\" name=\"Perobligatori\"><option value=\"Associar-se\">Associar-se<\/option><option value=\"Dones\">Dones<\/option><option value=\"Festes\">Festes<\/option><option value=\"Incidencies Espai Public\">Incidencies Espai Public<\/option><option value=\"Revista\">Revista<\/option><option value=\"Sostenibilitat\">Sostenibilitat<\/option><option value=\"Inform\u00e1tica\">Inform\u00e1tica<\/option><\/select><\/span>\n<\/p>\n<p>Assumpte\n<\/p>\n<p><span class=\"wpcf7-form-control-wrap\" data-name=\"your-subject\"><input size=\"40\" maxlength=\"400\" class=\"wpcf7-form-control wpcf7-text\" aria-invalid=\"false\" value=\"\" type=\"text\" name=\"your-subject\" \/><\/span>\n<\/p>\n<p>El seu missatge\n<\/p>\n<p><span class=\"wpcf7-form-control-wrap\" data-name=\"your-message\"><textarea cols=\"40\" rows=\"10\" maxlength=\"2000\" class=\"wpcf7-form-control wpcf7-textarea\" aria-invalid=\"false\" name=\"your-message\"><\/textarea><\/span>\n<\/p>\n<span class=\"wpcf7-form-control-wrap recaptcha\" data-name=\"recaptcha\"><span data-sitekey=\"6LdhkmIeAAAAABDY1QWC3nic5E3IpWpNtgysR8Wg\" class=\"wpcf7-form-control wpcf7-recaptcha g-recaptcha\"><\/span>\r\n<noscript>\r\n\t<div class=\"grecaptcha-noscript\">\r\n\t\t<iframe src=\"https:\/\/www.google.com\/recaptcha\/api\/fallback?k=6LdhkmIeAAAAABDY1QWC3nic5E3IpWpNtgysR8Wg\" frameborder=\"0\" scrolling=\"no\" width=\"310\" height=\"430\">\r\n\t\t<\/iframe>\r\n\t\t<textarea name=\"g-recaptcha-response\" rows=\"3\" cols=\"40\" placeholder=\"Aqu\u00ed la respuesta de reCAPTCHA\">\r\n\t\t<\/textarea>\r\n\t<\/div>\r\n<\/noscript>\r\n<\/span>\n<p><input class=\"wpcf7-form-control wpcf7-submit has-spinner\" type=\"submit\" value=\"Enviar\" \/>\n<\/p><p style=\"display: none !important;\" class=\"akismet-fields-container\" data-prefix=\"_wpcf7_ak_\"><label>&#916;<textarea name=\"_wpcf7_ak_hp_textarea\" cols=\"45\" rows=\"8\" maxlength=\"100\"><\/textarea><\/label><input type=\"hidden\" id=\"ak_js_1\" name=\"_wpcf7_ak_js\" value=\"195\"\/><script>document.getElementById( \"ak_js_1\" ).setAttribute( \"value\", ( new Date() ).getTime() );<\/script><\/p><div class=\"wpcf7-response-output\" aria-hidden=\"true\"><\/div>\n<\/form>\n<\/div>\n<\/p>\t\t\t\t\t\t\t\t<\/div>\n\t\t\t\t<\/div>\n\t\t\t\t\t<\/div>\n\t\t<\/div>\n\t\t\t\t\t<\/div>\n\t\t<\/section>\n\t\t\t\t<section class=\"elementor-section elementor-top-section elementor-element elementor-element-0772a55 elementor-section-boxed elementor-section-height-default elementor-section-height-default\" data-id=\"0772a55\" data-element_type=\"section\">\n\t\t\t\t\t\t<div class=\"elementor-container elementor-column-gap-default\">\n\t\t\t\t\t<div class=\"elementor-column elementor-col-100 elementor-top-column elementor-element elementor-element-c2d6ca9\" data-id=\"c2d6ca9\" data-element_type=\"column\">\n\t\t\t<div class=\"elementor-widget-wrap elementor-element-populated\">\n\t\t\t\t\t\t<div class=\"elementor-element elementor-element-762eb16 elementor-widget elementor-widget-text-editor\" data-id=\"762eb16\" data-element_type=\"widget\" data-widget_type=\"text-editor.default\">\n\t\t\t\t<div class=\"elementor-widget-container\">\n\t\t\t\t\t\t\t\t\t<p><span style=\"color: #000000;\">Anima\u2019t i col\u00b7labora amb la teva Associaci\u00f3 de Ve\u00efns i Ve\u00efnes en moments puntuals, espor\u00e0dics o de manera m\u00e9s activa.\u00a0<\/span><\/p><h1 style=\"text-align: center;\"><span style=\"color: #ff0000;\"><strong>Treballem junts i juntes pel nostre barri!<\/strong><\/span><\/h1>\t\t\t\t\t\t\t\t<\/div>\n\t\t\t\t<\/div>\n\t\t\t\t<div class=\"elementor-element elementor-element-d998cd9 elementor-widget elementor-widget-text-editor\" data-id=\"d998cd9\" data-element_type=\"widget\" data-widget_type=\"text-editor.default\">\n\t\t\t\t<div class=\"elementor-widget-container\">\n\t\t\t\t\t\t\t\t\t<p>\u00a0<\/p><p><a href=\"https:\/\/avvbufala.org\/wp-content\/uploads\/2020\/11\/cropped-LOGO-NEGRO-e1605877169764.jpg\"><img fetchpriority=\"high\" decoding=\"async\" class=\"alignnone size-full wp-image-4391\" src=\"https:\/\/avvbufala.org\/wp-content\/uploads\/2020\/11\/cropped-LOGO-NEGRO-e1605877169764.jpg\" alt=\"\" width=\"500\" height=\"158\" srcset=\"https:\/\/avvbufala.org\/wp-content\/uploads\/2020\/11\/cropped-LOGO-NEGRO-e1605877169764.jpg 500w, https:\/\/avvbufala.org\/wp-content\/uploads\/2020\/11\/cropped-LOGO-NEGRO-e1605877169764-300x95.jpg 300w, https:\/\/avvbufala.org\/wp-content\/uploads\/2020\/11\/cropped-LOGO-NEGRO-e1605877169764-190x60.jpg 190w\" sizes=\"(max-width: 500px) 100vw, 500px\" \/><\/a><\/p><p>Pla\u00e7a Maria Aur\u00e8lia Capmany, 6-9<br \/>08915 &#8211; Badalona<\/p><p><a href=\"mailto:avvbufala@gmail.com\"><span style=\"font-weight: var( --e-global-typography-text-font-weight );\">avvbufala@gmail.com<\/span><\/a><\/p>\t\t\t\t\t\t\t\t<\/div>\n\t\t\t\t<\/div>\n\t\t\t\t\t<\/div>\n\t\t<\/div>\n\t\t\t\t\t<\/div>\n\t\t<\/section>\n\t\t\t\t<\/div>\n\t\t","protected":false},"excerpt":{"rendered":"<p>Si vols fer-nos cap consulta o pregunta, si vols col\u00b7laborar amb l&#8217;Avv de Bufal\u00e0, si tens cap queixa o idea, posa&#8217;t en contacte amb nosaltres a trav\u00e9s del formulari de contacte que t&#8217;oferim a continuaci\u00f3. Com veur\u00e0s, hi ha diferents seccions depenent del tipus de consulta que necessitis. Escriu-nos i et respondrem aviat. Si prefereixes &hellip; <\/p>\n","protected":false},"author":1,"featured_media":0,"parent":0,"menu_order":0,"comment_status":"closed","ping_status":"closed","template":"","meta":{"ngg_post_thumbnail":0,"footnotes":""},"_links":{"self":[{"href":"https:\/\/avvbufala.org\/index.php?rest_route=\/wp\/v2\/pages\/112"}],"collection":[{"href":"https:\/\/avvbufala.org\/index.php?rest_route=\/wp\/v2\/pages"}],"about":[{"href":"https:\/\/avvbufala.org\/index.php?rest_route=\/wp\/v2\/types\/page"}],"author":[{"embeddable":true,"href":"https:\/\/avvbufala.org\/index.php?rest_route=\/wp\/v2\/users\/1"}],"replies":[{"embeddable":true,"href":"https:\/\/avvbufala.org\/index.php?rest_route=%2Fwp%2Fv2%2Fcomments&post=112"}],"version-history":[{"count":6,"href":"https:\/\/avvbufala.org\/index.php?rest_route=\/wp\/v2\/pages\/112\/revisions"}],"predecessor-version":[{"id":6790,"href":"https:\/\/avvbufala.org\/index.php?rest_route=\/wp\/v2\/pages\/112\/revisions\/6790"}],"wp:attachment":[{"href":"https:\/\/avvbufala.org\/index.php?rest_route=%2Fwp%2Fv2%2Fmedia&parent=112"}],"curies":[{"name":"wp","href":"https:\/\/api.w.org\/{rel}","templated":true}]}}