{"id":20,"date":"2014-09-21T17:37:50","date_gmt":"2014-09-21T17:37:50","guid":{"rendered":"https:\/\/avvbufala.org\/?page_id=20"},"modified":"2020-12-09T11:44:12","modified_gmt":"2020-12-09T11:44:12","slug":"lassociacio","status":"publish","type":"page","link":"https:\/\/avvbufala.org\/?page_id=20","title":{"rendered":"L&#8217;Associaci\u00f3"},"content":{"rendered":"\t\t<div data-elementor-type=\"wp-page\" data-elementor-id=\"20\" class=\"elementor elementor-20\">\n\t\t\t\t\t\t<section class=\"elementor-section elementor-top-section elementor-element elementor-element-af2a284 elementor-section-boxed elementor-section-height-default elementor-section-height-default\" data-id=\"af2a284\" data-element_type=\"section\">\n\t\t\t\t\t\t<div class=\"elementor-container elementor-column-gap-default\">\n\t\t\t\t\t<div class=\"elementor-column elementor-col-100 elementor-top-column elementor-element elementor-element-51682a2a\" data-id=\"51682a2a\" data-element_type=\"column\">\n\t\t\t<div class=\"elementor-widget-wrap elementor-element-populated\">\n\t\t\t\t\t\t<div class=\"elementor-element elementor-element-c68a3bb elementor-widget elementor-widget-heading\" data-id=\"c68a3bb\" data-element_type=\"widget\" data-widget_type=\"heading.default\">\n\t\t\t\t<div class=\"elementor-widget-container\">\n\t\t\t\t\t<h2 class=\"elementor-heading-title elementor-size-default\">Qui som?<\/h2>\t\t\t\t<\/div>\n\t\t\t\t<\/div>\n\t\t\t\t<div class=\"elementor-element elementor-element-3eecd326 elementor-widget elementor-widget-text-editor\" data-id=\"3eecd326\" data-element_type=\"widget\" data-widget_type=\"text-editor.default\">\n\t\t\t\t<div class=\"elementor-widget-container\">\n\t\t\t\t\t\t\t\t\t<a href=\"https:\/\/avvbufala.org\/wp-content\/uploads\/2020\/03\/grafic1.png\"><img fetchpriority=\"high\" decoding=\"async\" class=\"aligncenter wp-image-3360\" src=\"https:\/\/avvbufala.org\/wp-content\/uploads\/2020\/03\/grafic1.png\" alt=\"\" width=\"252\" height=\"249\" srcset=\"https:\/\/avvbufala.org\/wp-content\/uploads\/2020\/03\/grafic1.png 951w, https:\/\/avvbufala.org\/wp-content\/uploads\/2020\/03\/grafic1-300x296.png 300w, https:\/\/avvbufala.org\/wp-content\/uploads\/2020\/03\/grafic1-768x757.png 768w\" sizes=\"(max-width: 252px) 100vw, 252px\" \/><\/a>\n\n<span style=\"color: #000000;\">L\u2019Associaci\u00f3 Ve\u00efnal de Bufal\u00e0 \u00e9s una organitzaci\u00f3 sense \u00e0nim de lucre, constitu\u00efda per ve\u00efns i ve\u00efnes, interessats en buscar solucions als problemes col\u00b7lectius. Els objectius principals de l\u2019Associaci\u00f3 s\u00f3n les seg\u00fcents:<\/span>\n<ul>\n \t<li><span style=\"color: #000000;\">Promoure la participaci\u00f3 dels ve\u00efns i ve\u00efnes, per treballar conjuntament en la defensa i promoci\u00f3 dels interessos dels ve\u00efns que de car\u00e0cter general siguin comuns a tot el ve\u00efnat.<\/span><\/li>\n \t<li><span style=\"color: #000000;\">Potenciar el treball en xarxa per tal de cohesionar el barri. Organitzant, impulsant o recolzant activitats amb altres entitats del barri, fomentant el civisme, la conviv\u00e8ncia, la cultura, l&#8217;educaci\u00f3, el comer\u00e7 de proximitat &#8230;<\/span><\/li>\n<\/ul>\n<ul>\n \t<li><span style=\"color: #000000;\">Fomentar, donar suport i gestionar si cal, les iniciatives que es considerin d&#8217;inter\u00e8s per a la millora i el desenvolupament de la comunitat ciutadana, en \u00e0mbits com la inclusi\u00f3 social, el voluntariat, la cultura, l\u2019esport, la immigraci\u00f3 &#8230;<\/span><\/li>\n \t<li><span style=\"color: #000000;\">Qualsevol altre finalitat l\u00edcita que l\u2019Assemblea General acordi.<\/span><\/li>\n \t<li><span style=\"color: #000000;\">Defensar els interessos col\u00b7lectius i\/o particulars i fomentar les relacions ve\u00efnals<\/span><\/li>\n<\/ul>\n<p style=\"text-align: center;\"><strong><span style=\"color: #000000;\">L&#8217;Associaci\u00f3 de Ve\u00efns rebutgem qualsevol actitud o acci\u00f3 que vulneri els drets recollits a la<\/span> <a style=\"font-size: 1em;\">Declaraci\u00f3 Universal dels Drets Humans<\/a>. <\/strong><\/p>\n<p style=\"text-align: center;\"><\/p>\t\t\t\t\t\t\t\t<\/div>\n\t\t\t\t<\/div>\n\t\t\t\t\t<\/div>\n\t\t<\/div>\n\t\t\t\t\t<\/div>\n\t\t<\/section>\n\t\t\t\t<section class=\"elementor-section elementor-top-section elementor-element elementor-element-c99b175 elementor-section-boxed elementor-section-height-default elementor-section-height-default\" data-id=\"c99b175\" data-element_type=\"section\">\n\t\t\t\t\t\t<div class=\"elementor-container elementor-column-gap-default\">\n\t\t\t\t\t<div class=\"elementor-column elementor-col-100 elementor-top-column elementor-element elementor-element-c4ed1e9\" data-id=\"c4ed1e9\" data-element_type=\"column\">\n\t\t\t<div class=\"elementor-widget-wrap elementor-element-populated\">\n\t\t\t\t\t\t<div class=\"elementor-element elementor-element-4552609 elementor-widget elementor-widget-heading\" data-id=\"4552609\" data-element_type=\"widget\" data-widget_type=\"heading.default\">\n\t\t\t\t<div class=\"elementor-widget-container\">\n\t\t\t\t\t<h2 class=\"elementor-heading-title elementor-size-default\">\u00bfPer a qu\u00e8 serveix l'associaci\u00f3 de ve\u00efns?<\/h2>\t\t\t\t<\/div>\n\t\t\t\t<\/div>\n\t\t\t\t<div class=\"elementor-element elementor-element-beb0087 elementor-widget elementor-widget-text-editor\" data-id=\"beb0087\" data-element_type=\"widget\" data-widget_type=\"text-editor.default\">\n\t\t\t\t<div class=\"elementor-widget-container\">\n\t\t\t\t\t\t\t\t\t<p><span style=\"color: #000000;\">A aquesta pregunta podem respondre:<\/span><\/p><p><span style=\"color: #000000;\"> Per reivindicar millores de barri, de la ciutat, per defensar els teus drets, la teva qualitat de vida, la de la teva fam\u00edlia! i que ho fem un grup de persones conscienciades, amb inquietuds, solid\u00e0ries, que dediquem el nostre temps, treballant volunt\u00e0riament, amb il\u00b7lusi\u00f3, esfor\u00e7 i de manera altruista.<\/span><\/p><p><span style=\"color: #000000;\">Les reivindicacions i les activitats que dinamitzem, contribueixen a crear <strong>identitat de barri<\/strong>, perqu\u00e8 els ve\u00efns estiguem cada dia m\u00e9s orgullosos de viure-hi, que els nostres fills vulguin seguir vivint al barri, i de moltes m\u00e9s coses que contribueixen a una millor conviv\u00e8ncia&#8230; , tot aix\u00f2, des de l&#8217;Associaci\u00f3 de ve\u00efns i en col\u00b7laboraci\u00f3 amb altres entitats del barri ho fem possible.<\/span><\/p><p><span style=\"color: #000000;\">Les Associacions de Ve\u00efns, som, molt <strong>necess\u00e0ries i imprescindibles<\/strong> per al desenvolupament de la democr\u00e0cia, per fomentar el teixit social, per transformar els nostres barris, les nostres ciutats. Els ve\u00efns i la associacions, hem de ser els veritables actors i protagonistes de les millores de les nostres ciutats, els ve\u00efns no hem ni podem deixar que els poders p\u00fablics, els pol\u00edtics, siguin els que nom\u00e9s prenguin les decisions. La participaci\u00f3 Ciutadana \u00e9s un dret i una obligaci\u00f3, com m\u00e9s gran sigui la participaci\u00f3 dels ve\u00efns en els assumptes p\u00fablics, millor defensarem els nostres drets i m\u00e9s avan\u00e7arem en la millora i transformaci\u00f3 dels nostres barri.\u00a0 I per tot aix\u00f2 necessitem que tu estiguis amb nosaltres, que hi col\u00b7laboris, que hi prenguis part i entre tots ho aconseguirem.<\/span><\/p>\t\t\t\t\t\t\t\t<\/div>\n\t\t\t\t<\/div>\n\t\t\t\t\t<\/div>\n\t\t<\/div>\n\t\t\t\t\t<\/div>\n\t\t<\/section>\n\t\t\t\t<section class=\"elementor-section elementor-top-section elementor-element elementor-element-6b3f35d elementor-section-boxed elementor-section-height-default elementor-section-height-default\" data-id=\"6b3f35d\" data-element_type=\"section\">\n\t\t\t\t\t\t<div class=\"elementor-container elementor-column-gap-default\">\n\t\t\t\t\t<div class=\"elementor-column elementor-col-100 elementor-top-column elementor-element elementor-element-631d25a\" data-id=\"631d25a\" data-element_type=\"column\">\n\t\t\t<div class=\"elementor-widget-wrap elementor-element-populated\">\n\t\t\t\t\t\t<div class=\"elementor-element elementor-element-f673906 elementor-widget elementor-widget-heading\" data-id=\"f673906\" data-element_type=\"widget\" data-widget_type=\"heading.default\">\n\t\t\t\t<div class=\"elementor-widget-container\">\n\t\t\t\t\t<h2 class=\"elementor-heading-title elementor-size-default\">Qu\u00e8 pots fer tu?<\/h2>\t\t\t\t<\/div>\n\t\t\t\t<\/div>\n\t\t\t\t<div class=\"elementor-element elementor-element-5980c6a elementor-widget elementor-widget-text-editor\" data-id=\"5980c6a\" data-element_type=\"widget\" data-widget_type=\"text-editor.default\">\n\t\t\t\t<div class=\"elementor-widget-container\">\n\t\t\t\t\t\t\t\t\t<p style=\"text-align: center;\"><span style=\"color: #ff0000;\"><strong>Implicar-te&#8230;<\/strong><\/span><\/p>\n<p style=\"text-align: center;\"><span style=\"color: #000000;\">En algun dels nostres projectes. Tu decideixes l&#8217;\u00e0mbit i la disponibilitat que vols dedicar-hi.\u00a0<\/span><\/p>\n<p style=\"text-align: center;\"><span style=\"color: #000000;\"><span style=\"color: #ff0000;\"><strong><em>No tinc temps<\/em><\/strong><\/span>, \u00e9s el que deus estar pensant ara mateix. I \u00e9s cert: la majoria de persones que participem a l&#8217;AVV no tenim temps. Tots treballem, tenim fam\u00edlies, mascotes i algunes de nosaltres tamb\u00e9 participem d&#8217;altres projectes. I, evidentment, volem relaxar-nos i tenir vida social. <\/span><\/p>\n<p style=\"text-align: center;\"><span style=\"color: #000000;\">El temps de dedicaci\u00f3 l&#8217;esculls tu, des d&#8217;un minut fins a l&#8217;infinit. En l&#8217;era d&#8217;internet i en la petita dist\u00e0ncia del barri, el temps no pesa tant. Anima&#8217;t i busca all\u00f2 que la teva disponibilitat et permeti fer.\u00a0<\/span><\/p>\n<p style=\"text-align: center;\"><span style=\"color: #ff0000;\"><strong>Participar&#8230;<\/strong><\/span><\/p>\n<p style=\"text-align: center;\"><span style=\"color: #000000;\">En alguna de les <a style=\"font-size: 1em; color: #000000;\">activitats<\/a> que oferim: inform\u00e0tica, ioga, fotografia, teatre, gimn\u00e0stica, pilates, refor\u00e7 escolar, catal\u00e0&#8230;<\/span><\/p>\n<p style=\"text-align: center;\"><span style=\"color: #000000;\">En alguna de les grups de traball de treball i reivindicaci\u00f3. O si creus que hi ha cap problema important per tractar, crea&#8217;n una de nova.<\/span><\/p>\n<p style=\"text-align: center;\"><span style=\"color: #ff0000;\"><strong>Contribuir&#8230;<\/strong><\/span><\/p>\n<p style=\"text-align: center;\"><span style=\"color: #000000;\">Amb la teva quota que permet finan\u00e7ar els projectes i activitats que desenvolupem. Podr\u00e0s participar en totes les activitats que oferim i donar\u00a0veu i vot a les assemblees.\u00a0<\/span><\/p>\n<p style=\"text-align: center;\"><span style=\"color: #000000;\">La quota actual de soci s\u00f3n 12\u20ac euros l&#8217;any. <span style=\"color: #3366ff;\"><strong><a style=\"font-size: 1em;\" href=\"https:\/\/avvbufala.org\/formulari\/\">Aqu\u00ed<\/a><\/strong><\/span>\u00a0trobar\u00e0s m\u00e9s informaci\u00f3 i la butlleta per fer-te soci.\u00a0<\/span><\/p>\t\t\t\t\t\t\t\t<\/div>\n\t\t\t\t<\/div>\n\t\t\t\t\t<\/div>\n\t\t<\/div>\n\t\t\t\t\t<\/div>\n\t\t<\/section>\n\t\t\t\t<\/div>\n\t\t","protected":false},"excerpt":{"rendered":"<p>Qui som? L\u2019Associaci\u00f3 Ve\u00efnal de Bufal\u00e0 \u00e9s una organitzaci\u00f3 sense \u00e0nim de lucre, constitu\u00efda per ve\u00efns i ve\u00efnes, interessats en buscar solucions als problemes col\u00b7lectius. Els objectius principals de l\u2019Associaci\u00f3 s\u00f3n les seg\u00fcents: Promoure la participaci\u00f3 dels ve\u00efns i ve\u00efnes, per treballar conjuntament en la defensa i promoci\u00f3 dels interessos dels ve\u00efns que de car\u00e0cter &hellip; <\/p>\n","protected":false},"author":1,"featured_media":0,"parent":0,"menu_order":0,"comment_status":"closed","ping_status":"closed","template":"","meta":{"ngg_post_thumbnail":0,"footnotes":""},"_links":{"self":[{"href":"https:\/\/avvbufala.org\/index.php?rest_route=\/wp\/v2\/pages\/20"}],"collection":[{"href":"https:\/\/avvbufala.org\/index.php?rest_route=\/wp\/v2\/pages"}],"about":[{"href":"https:\/\/avvbufala.org\/index.php?rest_route=\/wp\/v2\/types\/page"}],"author":[{"embeddable":true,"href":"https:\/\/avvbufala.org\/index.php?rest_route=\/wp\/v2\/users\/1"}],"replies":[{"embeddable":true,"href":"https:\/\/avvbufala.org\/index.php?rest_route=%2Fwp%2Fv2%2Fcomments&post=20"}],"version-history":[{"count":0,"href":"https:\/\/avvbufala.org\/index.php?rest_route=\/wp\/v2\/pages\/20\/revisions"}],"wp:attachment":[{"href":"https:\/\/avvbufala.org\/index.php?rest_route=%2Fwp%2Fv2%2Fmedia&parent=20"}],"curies":[{"name":"wp","href":"https:\/\/api.w.org\/{rel}","templated":true}]}}