{"id":34,"date":"2014-09-21T17:45:37","date_gmt":"2014-09-21T17:45:37","guid":{"rendered":"https:\/\/avvbufala.org\/?page_id=34"},"modified":"2025-08-31T11:19:41","modified_gmt":"2025-08-31T11:19:41","slug":"nous-socis","status":"publish","type":"page","link":"https:\/\/avvbufala.org\/?page_id=34","title":{"rendered":"Fes-te soci \/ soci\u00e0"},"content":{"rendered":"\t\t<div data-elementor-type=\"wp-page\" data-elementor-id=\"34\" class=\"elementor elementor-34\">\n\t\t\t\t\t\t<section class=\"elementor-section elementor-top-section elementor-element elementor-element-610ac5b6 elementor-section-boxed elementor-section-height-default elementor-section-height-default\" data-id=\"610ac5b6\" data-element_type=\"section\">\n\t\t\t\t\t\t<div class=\"elementor-container elementor-column-gap-default\">\n\t\t\t\t\t<div class=\"elementor-column elementor-col-100 elementor-top-column elementor-element elementor-element-5c6be7c\" data-id=\"5c6be7c\" data-element_type=\"column\">\n\t\t\t<div class=\"elementor-widget-wrap elementor-element-populated\">\n\t\t\t\t\t\t<div class=\"elementor-element elementor-element-4a46f30d elementor-widget elementor-widget-text-editor\" data-id=\"4a46f30d\" data-element_type=\"widget\" data-widget_type=\"text-editor.default\">\n\t\t\t\t<div class=\"elementor-widget-container\">\n\t\t\t\t\t\t\t\t\t<ul><li>Per poder donar resposta als problemes del barri ens cal ser una entitat forta, \u00e9s per aix\u00f2 que la teva aportaci\u00f3 \u00e9s tant important.<\/li><li>La nostra entitat est\u00e0 formada per persones com tu, unes nom\u00e9s aporten la quota anual i d&#8217;altres hi dediquen part del seu temps lliure en la defensa del barri. De la manera que sigui, quan m\u00e9s siguem m\u00e9s for\u00e7a tindrem.<\/li><li>Pagant la quota anual, podr\u00e0s beneficiar-te de les activitats setmanals proposades al nostre local, sempre que hi hagi pla\u00e7a lliure.<\/li><li>Ser soci\/a de la nostra entitat no comporta cap avantatge material: no som una empresa de serveis. Les quotes de socis s\u00f3n b\u00e0siques per a garantir la nostra independ\u00e8ncia i les despeses de manteniment del local.<\/li><li>L\u2019\u00fanica condici\u00f3 per a ser soci \u00e9s que t&#8217;estimis el barri.<\/li><li>El millor benefici que tindr\u00e0s \u00e9s la satisfacci\u00f3 de contribuir a fer-lo m\u00e9s habitable.<\/li><\/ul><h2>Per qu\u00e8 he de fer-me soci?\u00a0<\/h2><p><img fetchpriority=\"high\" decoding=\"async\" src=\"https:\/\/avvbufala.org\/wp-content\/uploads\/2014\/10\/muntatge-cartell-mans-300x278.jpg\" alt=\"muntatge cartell mans\" width=\"300\" height=\"278\" \/><\/p><p style=\"text-align: justify;\">Perqu\u00e8 amb la teva quota anual de 15\u20ac podr\u00e0s participar a les <a style=\"font-size: 1em;\">activitats<\/a> de l&#8217;AVV i tenir dret de vot a les assemblees ordin\u00e0ries i extraordin\u00e0ries que es convoquin durant l&#8217;any.<\/p><p style=\"text-align: justify;\">A m\u00e9s, ajudar\u00e0s a posar un granet de sorra econ\u00f2mic als projectes que fem. Els diners no ho s\u00f3n tot i necessitem gent activa, o que vulgui activar-se, que s&#8217;estimi el barri i vulgui millorar-lo.<\/p><p style=\"text-align: justify;\">Pots involucrar-t&#8217;hi en persona fent de voluntariat, en el temps que tu escullis dedicar-hi, als projectes que tenim en marxa: <strong>projectes ve\u00efnals<\/strong>, com el <a style=\"font-size: 1em;\">FEM Bufal\u00e0<\/a> i <strong>projectes culturals i art\u00edstics<\/strong>, com el projecte de la biblioteca o el grup d&#8217;artistes; o col\u00b7laborar en les <strong>festes<\/strong> o la <strong>revista<\/strong>. Tamb\u00e9, si vols comen\u00e7ar cap projecte per al barri, vine i organitzem-ho plegats! \u00a0<\/p><p style=\"text-align: justify;\">El n\u00famero de socis permet a tota l&#8217;Associaci\u00f3 de Ve\u00efns, i tothom que hi forma part, fer for\u00e7a per dur a terme les reivindicacions ve\u00efnals que s&#8217;hi produeixen. Com m\u00e9s serem, m\u00e9s pinya farem!\u00a0<\/p><h2 style=\"text-align: center;\">\u00a0Vine i participa!<\/h2><p>\u00a0<\/p><h2>BUTLLETA PER FER-TE SOCI !<\/h2><p>\n<div class=\"wpcf7 no-js\" id=\"wpcf7-f5847-o1\" lang=\"es-ES\" dir=\"ltr\">\n<div class=\"screen-reader-response\"><p role=\"status\" aria-live=\"polite\" aria-atomic=\"true\"><\/p> <ul><\/ul><\/div>\n<form action=\"\/index.php?rest_route=%2Fwp%2Fv2%2Fpages%2F34#wpcf7-f5847-o1\" method=\"post\" class=\"wpcf7-form init\" aria-label=\"Formulario de contacto\" novalidate=\"novalidate\" data-status=\"init\">\n<div style=\"display: none;\">\n<input type=\"hidden\" name=\"_wpcf7\" value=\"5847\" \/>\n<input type=\"hidden\" name=\"_wpcf7_version\" value=\"5.9.8\" \/>\n<input type=\"hidden\" name=\"_wpcf7_locale\" value=\"es_ES\" \/>\n<input type=\"hidden\" name=\"_wpcf7_unit_tag\" value=\"wpcf7-f5847-o1\" \/>\n<input type=\"hidden\" name=\"_wpcf7_container_post\" value=\"0\" \/>\n<input type=\"hidden\" name=\"_wpcf7_posted_data_hash\" value=\"\" \/>\n<input type=\"hidden\" name=\"_wpcf7_recaptcha_response\" value=\"\" \/>\n<\/div>\n<p>El seu nom (requerit)\n<\/p>\n<p><span class=\"wpcf7-form-control-wrap\" data-name=\"your-name\"><input size=\"40\" maxlength=\"400\" class=\"wpcf7-form-control wpcf7-text wpcf7-validates-as-required\" aria-required=\"true\" aria-invalid=\"false\" value=\"\" type=\"text\" name=\"your-name\" \/><\/span>\n<\/p>\n<p>El seu correu (requerit)\n<\/p>\n<p><span class=\"wpcf7-form-control-wrap\" data-name=\"your-email\"><input size=\"40\" maxlength=\"400\" class=\"wpcf7-form-control wpcf7-email wpcf7-validates-as-required wpcf7-text wpcf7-validates-as-email\" aria-required=\"true\" aria-invalid=\"false\" value=\"\" type=\"email\" name=\"your-email\" \/><\/span>\n<\/p>\n<p>Per (requerit):\n<\/p>\n<p><span class=\"wpcf7-form-control-wrap\" data-name=\"Perobligatori\"><select class=\"wpcf7-form-control wpcf7-select wpcf7-validates-as-required\" aria-required=\"true\" aria-invalid=\"false\" name=\"Perobligatori\"><option value=\"Associar-se\">Associar-se<\/option><option value=\"Dones\">Dones<\/option><option value=\"Festes\">Festes<\/option><option value=\"Incidencies Espai Public\">Incidencies Espai Public<\/option><option value=\"Revista\">Revista<\/option><option value=\"Sostenibilitat\">Sostenibilitat<\/option><option value=\"Inform\u00e1tica\">Inform\u00e1tica<\/option><\/select><\/span>\n<\/p>\n<p>Assumpte\n<\/p>\n<p><span class=\"wpcf7-form-control-wrap\" data-name=\"your-subject\"><input size=\"40\" maxlength=\"400\" class=\"wpcf7-form-control wpcf7-text\" aria-invalid=\"false\" value=\"\" type=\"text\" name=\"your-subject\" \/><\/span>\n<\/p>\n<p>El seu missatge\n<\/p>\n<p><span class=\"wpcf7-form-control-wrap\" data-name=\"your-message\"><textarea cols=\"40\" rows=\"10\" maxlength=\"2000\" class=\"wpcf7-form-control wpcf7-textarea\" aria-invalid=\"false\" name=\"your-message\"><\/textarea><\/span>\n<\/p>\n<span class=\"wpcf7-form-control-wrap recaptcha\" data-name=\"recaptcha\"><span data-sitekey=\"6LdhkmIeAAAAABDY1QWC3nic5E3IpWpNtgysR8Wg\" class=\"wpcf7-form-control wpcf7-recaptcha g-recaptcha\"><\/span>\r\n<noscript>\r\n\t<div class=\"grecaptcha-noscript\">\r\n\t\t<iframe src=\"https:\/\/www.google.com\/recaptcha\/api\/fallback?k=6LdhkmIeAAAAABDY1QWC3nic5E3IpWpNtgysR8Wg\" frameborder=\"0\" scrolling=\"no\" width=\"310\" height=\"430\">\r\n\t\t<\/iframe>\r\n\t\t<textarea name=\"g-recaptcha-response\" rows=\"3\" cols=\"40\" placeholder=\"Aqu\u00ed la respuesta de reCAPTCHA\">\r\n\t\t<\/textarea>\r\n\t<\/div>\r\n<\/noscript>\r\n<\/span>\n<p><input class=\"wpcf7-form-control wpcf7-submit has-spinner\" type=\"submit\" value=\"Enviar\" \/>\n<\/p><p style=\"display: none !important;\" class=\"akismet-fields-container\" data-prefix=\"_wpcf7_ak_\"><label>&#916;<textarea name=\"_wpcf7_ak_hp_textarea\" cols=\"45\" rows=\"8\" maxlength=\"100\"><\/textarea><\/label><input type=\"hidden\" id=\"ak_js_1\" name=\"_wpcf7_ak_js\" value=\"228\"\/><script type=\"text\/javascript\">\n\/* <![CDATA[ *\/\ndocument.getElementById( \"ak_js_1\" ).setAttribute( \"value\", ( new Date() ).getTime() );\n\/* ]]> *\/\n<\/script>\n<\/p><div class=\"wpcf7-response-output\" aria-hidden=\"true\"><\/div>\n<\/form>\n<\/div>\n<\/p>\t\t\t\t\t\t\t\t<\/div>\n\t\t\t\t<\/div>\n\t\t\t\t\t<\/div>\n\t\t<\/div>\n\t\t\t\t\t<\/div>\n\t\t<\/section>\n\t\t\t\t<section class=\"elementor-section elementor-top-section elementor-element elementor-element-d0abcf0 elementor-section-boxed elementor-section-height-default elementor-section-height-default\" data-id=\"d0abcf0\" data-element_type=\"section\">\n\t\t\t\t\t\t<div class=\"elementor-container elementor-column-gap-default\">\n\t\t\t\t\t<div class=\"elementor-column elementor-col-100 elementor-top-column elementor-element elementor-element-018436d\" data-id=\"018436d\" data-element_type=\"column\">\n\t\t\t<div class=\"elementor-widget-wrap elementor-element-populated\">\n\t\t\t\t\t\t<div class=\"elementor-element elementor-element-67ead0e elementor-widget elementor-widget-text-editor\" data-id=\"67ead0e\" data-element_type=\"widget\" data-widget_type=\"text-editor.default\">\n\t\t\t\t<div class=\"elementor-widget-container\">\n\t\t\t\t\t\t\t\t\t[instagram-feed feed=1]\t\t\t\t\t\t\t\t<\/div>\n\t\t\t\t<\/div>\n\t\t\t\t\t<\/div>\n\t\t<\/div>\n\t\t\t\t\t<\/div>\n\t\t<\/section>\n\t\t\t\t<\/div>\n\t\t","protected":false},"excerpt":{"rendered":"<p>Per poder donar resposta als problemes del barri ens cal ser una entitat forta, \u00e9s per aix\u00f2 que la teva aportaci\u00f3 \u00e9s tant important. La nostra entitat est\u00e0 formada per persones com tu, unes nom\u00e9s aporten la quota anual i d&#8217;altres hi dediquen part del seu temps lliure en la defensa del barri. De la &hellip; <\/p>\n","protected":false},"author":1,"featured_media":0,"parent":0,"menu_order":0,"comment_status":"closed","ping_status":"closed","template":"","meta":{"ngg_post_thumbnail":0,"footnotes":""},"_links":{"self":[{"href":"https:\/\/avvbufala.org\/index.php?rest_route=\/wp\/v2\/pages\/34"}],"collection":[{"href":"https:\/\/avvbufala.org\/index.php?rest_route=\/wp\/v2\/pages"}],"about":[{"href":"https:\/\/avvbufala.org\/index.php?rest_route=\/wp\/v2\/types\/page"}],"author":[{"embeddable":true,"href":"https:\/\/avvbufala.org\/index.php?rest_route=\/wp\/v2\/users\/1"}],"replies":[{"embeddable":true,"href":"https:\/\/avvbufala.org\/index.php?rest_route=%2Fwp%2Fv2%2Fcomments&post=34"}],"version-history":[{"count":9,"href":"https:\/\/avvbufala.org\/index.php?rest_route=\/wp\/v2\/pages\/34\/revisions"}],"predecessor-version":[{"id":6793,"href":"https:\/\/avvbufala.org\/index.php?rest_route=\/wp\/v2\/pages\/34\/revisions\/6793"}],"wp:attachment":[{"href":"https:\/\/avvbufala.org\/index.php?rest_route=%2Fwp%2Fv2%2Fmedia&parent=34"}],"curies":[{"name":"wp","href":"https:\/\/api.w.org\/{rel}","templated":true}]}}