{"id":3796,"date":"2020-11-04T11:20:29","date_gmt":"2020-11-04T11:20:29","guid":{"rendered":"https:\/\/avvbufala.org\/?page_id=3796"},"modified":"2020-12-17T11:38:32","modified_gmt":"2020-12-17T11:38:32","slug":"grup-incidencies-espai-public","status":"publish","type":"page","link":"https:\/\/avvbufala.org\/?page_id=3796","title":{"rendered":"Grup incid\u00e8ncies espai p\u00fablic"},"content":{"rendered":"<p style=\"text-align: center;\">El grup d\u2019espai p\u00fablic de l\u2019AVV de Bufal\u00e0 \u00e9s un espai de debat i treball, obert i participatiu, que agrupa a ve\u00efns i ve\u00efnes interessats per la millora de la qualitat de l\u2019espai p\u00fablic del nostre barri.<\/p>\n<p style=\"text-align: center;\">Quines s\u00f3n les motivacions que orienten l\u2019activitat del grup? Les podr\u00edem resumir en les seg\u00fcents:<\/p>\n<p style=\"text-align: center;\">&#8211; Detectar aquelles mancances i necessitats que trobem en els espais d\u2019\u00fas p\u00fablic del nostre entorn, en \u00e0mbits tan variats com la neteja, seguretat, civisme, mobilitat, accessibilitat, manteniment, etc.<\/p>\n<p style=\"text-align: center;\">&#8211; Vehicular les incid\u00e8ncies i propostes d\u2019intervenci\u00f3 als responsables t\u00e8cnics i pol\u00edtics del districte, per tal d\u2019avan\u00e7ar de manera \u00e0gil i efectiva en la seva millora.<\/p>\n<p style=\"text-align: center;\">&#8211; Debatre i treballar propostes que, a mig i llarg termini, millorin la qualitat de vida al barri, a partir de la intervenci\u00f3 sobre l\u2019espai p\u00fablic.<\/p>\n<p style=\"text-align: center;\">El grup es reuneix de manera peri\u00f2dica a la seu de l\u2019Associaci\u00f3 per fer seguiment i actualitzaci\u00f3 dels temes treballats, i concretar les l\u00ednies d\u2019actuaci\u00f3. Compagina aquestes trobades al local amb el treball de camp en els diferents entorns del barri.<\/p>\n","protected":false},"excerpt":{"rendered":"<p>El grup d\u2019espai p\u00fablic de l\u2019AVV de Bufal\u00e0 \u00e9s un espai de debat i treball, obert i participatiu, que agrupa a ve\u00efns i ve\u00efnes interessats per la millora de la qualitat de l\u2019espai p\u00fablic del nostre barri. Quines s\u00f3n les motivacions que orienten l\u2019activitat del grup? Les podr\u00edem resumir en les seg\u00fcents: &#8211; Detectar aquelles &hellip; <\/p>\n","protected":false},"author":1,"featured_media":0,"parent":0,"menu_order":0,"comment_status":"closed","ping_status":"closed","template":"","meta":{"ngg_post_thumbnail":0,"footnotes":""},"_links":{"self":[{"href":"https:\/\/avvbufala.org\/index.php?rest_route=\/wp\/v2\/pages\/3796"}],"collection":[{"href":"https:\/\/avvbufala.org\/index.php?rest_route=\/wp\/v2\/pages"}],"about":[{"href":"https:\/\/avvbufala.org\/index.php?rest_route=\/wp\/v2\/types\/page"}],"author":[{"embeddable":true,"href":"https:\/\/avvbufala.org\/index.php?rest_route=\/wp\/v2\/users\/1"}],"replies":[{"embeddable":true,"href":"https:\/\/avvbufala.org\/index.php?rest_route=%2Fwp%2Fv2%2Fcomments&post=3796"}],"version-history":[{"count":0,"href":"https:\/\/avvbufala.org\/index.php?rest_route=\/wp\/v2\/pages\/3796\/revisions"}],"wp:attachment":[{"href":"https:\/\/avvbufala.org\/index.php?rest_route=%2Fwp%2Fv2%2Fmedia&parent=3796"}],"curies":[{"name":"wp","href":"https:\/\/api.w.org\/{rel}","templated":true}]}}