{"id":3801,"date":"2020-11-04T11:20:29","date_gmt":"2020-11-04T11:20:29","guid":{"rendered":"https:\/\/avvbufala.org\/?page_id=3801"},"modified":"2021-01-12T11:26:26","modified_gmt":"2021-01-12T11:26:26","slug":"grup-dones","status":"publish","type":"page","link":"https:\/\/avvbufala.org\/?page_id=3801","title":{"rendered":"Grup dones"},"content":{"rendered":"<p style=\"text-align: center;\">Som un grup de dones que ens trobem per a organitzar activitats al barri de Bufal\u00e0 amb els objectius de donar visibilitzaci\u00f3 i empoderament a les dones, i promoure una societat m\u00e9s&nbsp;igualit\u00e0ria&nbsp;i lliure de viol\u00e8ncia masclista.<\/p>\n<p style=\"color: #000000; text-align: center;\">Organitzem accions al llarg de&nbsp;l&#8217;any, especialment a&nbsp;l&#8217;entorn&nbsp;dels dies internacionals de la lluita contra la viol\u00e8ncia de g\u00e8nere i de la dona treballadora.<\/p>\n<p style=\"text-align: center;\">&nbsp;Per segon any consecutiu hem organitzat les<b>&nbsp;JORNADES&nbsp;D&#8217;IGUALTAT<\/b>&nbsp;i durant tot un mes realitzem diferents activitats per tot el barri, amb la col\u00b7laboraci\u00f3 de diferents entitats del barri i de la ciutat.<\/p>\n<p style=\"text-align: center;\">L&#8217;objectiu d&#8217;aquest grup \u00e9s poder cr\u00e9ixer i&nbsp; dinamitzar actes, tallers o xerrades i \u00e9s&nbsp; per aix\u00f2 que&nbsp; us necessitem.<\/p>\n<p style=\"box-sizing: border-box; margin-bottom: 20px; margin-top: 0px; clear: both; text-align: center;\">Si en vols formar part, vine,&nbsp;t&#8217;hi&nbsp;esperem. Pots contactar-nos a: <strong>avvbufala@gmail.com<\/strong><\/p>\n\n\n<figure class=\"wp-block-gallery columns-3 is-cropped wp-block-gallery-1 is-layout-flex wp-block-gallery-is-layout-flex\"><ul class=\"blocks-gallery-grid\"><li class=\"blocks-gallery-item\"><figure><a href=\"https:\/\/avvbufala.org\/wp-content\/uploads\/2020\/12\/WhatsApp-Image-2020-12-01-at-13.51.30.jpeg\"><img fetchpriority=\"high\" decoding=\"async\" width=\"1024\" height=\"768\" src=\"https:\/\/avvbufala.org\/wp-content\/uploads\/2020\/12\/WhatsApp-Image-2020-12-01-at-13.51.30-1024x768.jpeg\" alt=\"\" data-id=\"5151\" data-full-url=\"https:\/\/avvbufala.org\/wp-content\/uploads\/2020\/12\/WhatsApp-Image-2020-12-01-at-13.51.30.jpeg\" data-link=\"https:\/\/avvbufala.org\/grup-dones\/whatsapp-image-2020-12-01-at-13-51-30\/\" class=\"wp-image-5151\" srcset=\"https:\/\/avvbufala.org\/wp-content\/uploads\/2020\/12\/WhatsApp-Image-2020-12-01-at-13.51.30-1024x768.jpeg 1024w, https:\/\/avvbufala.org\/wp-content\/uploads\/2020\/12\/WhatsApp-Image-2020-12-01-at-13.51.30-300x225.jpeg 300w, https:\/\/avvbufala.org\/wp-content\/uploads\/2020\/12\/WhatsApp-Image-2020-12-01-at-13.51.30-768x576.jpeg 768w, https:\/\/avvbufala.org\/wp-content\/uploads\/2020\/12\/WhatsApp-Image-2020-12-01-at-13.51.30-1536x1152.jpeg 1536w, https:\/\/avvbufala.org\/wp-content\/uploads\/2020\/12\/WhatsApp-Image-2020-12-01-at-13.51.30-80x60.jpeg 80w, https:\/\/avvbufala.org\/wp-content\/uploads\/2020\/12\/WhatsApp-Image-2020-12-01-at-13.51.30.jpeg 1600w\" sizes=\"(max-width: 1024px) 100vw, 1024px\" \/><\/a><\/figure><\/li><li class=\"blocks-gallery-item\"><figure><a href=\"https:\/\/avvbufala.org\/wp-content\/uploads\/2020\/12\/WhatsApp-Image-2020-12-01-at-13.51.30-1.jpeg\"><img decoding=\"async\" width=\"1024\" height=\"768\" src=\"https:\/\/avvbufala.org\/wp-content\/uploads\/2020\/12\/WhatsApp-Image-2020-12-01-at-13.51.30-1-1024x768.jpeg\" alt=\"\" data-id=\"5150\" data-full-url=\"https:\/\/avvbufala.org\/wp-content\/uploads\/2020\/12\/WhatsApp-Image-2020-12-01-at-13.51.30-1.jpeg\" data-link=\"https:\/\/avvbufala.org\/grup-dones\/whatsapp-image-2020-12-01-at-13-51-30-1\/\" class=\"wp-image-5150\" srcset=\"https:\/\/avvbufala.org\/wp-content\/uploads\/2020\/12\/WhatsApp-Image-2020-12-01-at-13.51.30-1-1024x768.jpeg 1024w, https:\/\/avvbufala.org\/wp-content\/uploads\/2020\/12\/WhatsApp-Image-2020-12-01-at-13.51.30-1-300x225.jpeg 300w, https:\/\/avvbufala.org\/wp-content\/uploads\/2020\/12\/WhatsApp-Image-2020-12-01-at-13.51.30-1-768x576.jpeg 768w, https:\/\/avvbufala.org\/wp-content\/uploads\/2020\/12\/WhatsApp-Image-2020-12-01-at-13.51.30-1-1536x1152.jpeg 1536w, https:\/\/avvbufala.org\/wp-content\/uploads\/2020\/12\/WhatsApp-Image-2020-12-01-at-13.51.30-1-80x60.jpeg 80w, https:\/\/avvbufala.org\/wp-content\/uploads\/2020\/12\/WhatsApp-Image-2020-12-01-at-13.51.30-1.jpeg 1600w\" sizes=\"(max-width: 1024px) 100vw, 1024px\" \/><\/a><\/figure><\/li><li class=\"blocks-gallery-item\"><figure><a href=\"https:\/\/avvbufala.org\/wp-content\/uploads\/2020\/12\/WhatsApp-Image-2020-12-01-at-13.51.29-2.jpeg\"><img decoding=\"async\" width=\"1024\" height=\"768\" src=\"https:\/\/avvbufala.org\/wp-content\/uploads\/2020\/12\/WhatsApp-Image-2020-12-01-at-13.51.29-2-1024x768.jpeg\" alt=\"\" data-id=\"5149\" data-full-url=\"https:\/\/avvbufala.org\/wp-content\/uploads\/2020\/12\/WhatsApp-Image-2020-12-01-at-13.51.29-2.jpeg\" data-link=\"https:\/\/avvbufala.org\/grup-dones\/whatsapp-image-2020-12-01-at-13-51-29-2\/\" class=\"wp-image-5149\" srcset=\"https:\/\/avvbufala.org\/wp-content\/uploads\/2020\/12\/WhatsApp-Image-2020-12-01-at-13.51.29-2-1024x768.jpeg 1024w, https:\/\/avvbufala.org\/wp-content\/uploads\/2020\/12\/WhatsApp-Image-2020-12-01-at-13.51.29-2-300x225.jpeg 300w, https:\/\/avvbufala.org\/wp-content\/uploads\/2020\/12\/WhatsApp-Image-2020-12-01-at-13.51.29-2-768x576.jpeg 768w, https:\/\/avvbufala.org\/wp-content\/uploads\/2020\/12\/WhatsApp-Image-2020-12-01-at-13.51.29-2-1536x1152.jpeg 1536w, https:\/\/avvbufala.org\/wp-content\/uploads\/2020\/12\/WhatsApp-Image-2020-12-01-at-13.51.29-2-80x60.jpeg 80w, https:\/\/avvbufala.org\/wp-content\/uploads\/2020\/12\/WhatsApp-Image-2020-12-01-at-13.51.29-2.jpeg 1600w\" sizes=\"(max-width: 1024px) 100vw, 1024px\" \/><\/a><\/figure><\/li><li class=\"blocks-gallery-item\"><figure><a href=\"https:\/\/avvbufala.org\/wp-content\/uploads\/2020\/12\/WhatsApp-Image-2020-12-01-at-13.51.29.jpeg\"><img loading=\"lazy\" decoding=\"async\" width=\"768\" height=\"1024\" src=\"https:\/\/avvbufala.org\/wp-content\/uploads\/2020\/12\/WhatsApp-Image-2020-12-01-at-13.51.29-768x1024.jpeg\" alt=\"\" data-id=\"5136\" data-full-url=\"https:\/\/avvbufala.org\/wp-content\/uploads\/2020\/12\/WhatsApp-Image-2020-12-01-at-13.51.29.jpeg\" data-link=\"https:\/\/avvbufala.org\/grup-dones\/whatsapp-image-2020-12-01-at-13-51-29\/\" class=\"wp-image-5136\" srcset=\"https:\/\/avvbufala.org\/wp-content\/uploads\/2020\/12\/WhatsApp-Image-2020-12-01-at-13.51.29-768x1024.jpeg 768w, https:\/\/avvbufala.org\/wp-content\/uploads\/2020\/12\/WhatsApp-Image-2020-12-01-at-13.51.29-225x300.jpeg 225w, https:\/\/avvbufala.org\/wp-content\/uploads\/2020\/12\/WhatsApp-Image-2020-12-01-at-13.51.29-1152x1536.jpeg 1152w, https:\/\/avvbufala.org\/wp-content\/uploads\/2020\/12\/WhatsApp-Image-2020-12-01-at-13.51.29-45x60.jpeg 45w, https:\/\/avvbufala.org\/wp-content\/uploads\/2020\/12\/WhatsApp-Image-2020-12-01-at-13.51.29.jpeg 1200w\" sizes=\"(max-width: 768px) 100vw, 768px\" \/><\/a><\/figure><\/li><li class=\"blocks-gallery-item\"><figure><a href=\"https:\/\/avvbufala.org\/wp-content\/uploads\/2020\/12\/WhatsApp-Image-2020-12-01-at-13.51.29-1.jpeg\"><img loading=\"lazy\" decoding=\"async\" width=\"576\" height=\"1024\" src=\"https:\/\/avvbufala.org\/wp-content\/uploads\/2020\/12\/WhatsApp-Image-2020-12-01-at-13.51.29-1-576x1024.jpeg\" alt=\"\" data-id=\"5135\" data-full-url=\"https:\/\/avvbufala.org\/wp-content\/uploads\/2020\/12\/WhatsApp-Image-2020-12-01-at-13.51.29-1.jpeg\" data-link=\"https:\/\/avvbufala.org\/grup-dones\/whatsapp-image-2020-12-01-at-13-51-29-1\/\" class=\"wp-image-5135\" srcset=\"https:\/\/avvbufala.org\/wp-content\/uploads\/2020\/12\/WhatsApp-Image-2020-12-01-at-13.51.29-1-576x1024.jpeg 576w, https:\/\/avvbufala.org\/wp-content\/uploads\/2020\/12\/WhatsApp-Image-2020-12-01-at-13.51.29-1-169x300.jpeg 169w, https:\/\/avvbufala.org\/wp-content\/uploads\/2020\/12\/WhatsApp-Image-2020-12-01-at-13.51.29-1-768x1366.jpeg 768w, https:\/\/avvbufala.org\/wp-content\/uploads\/2020\/12\/WhatsApp-Image-2020-12-01-at-13.51.29-1-864x1536.jpeg 864w, https:\/\/avvbufala.org\/wp-content\/uploads\/2020\/12\/WhatsApp-Image-2020-12-01-at-13.51.29-1-34x60.jpeg 34w, https:\/\/avvbufala.org\/wp-content\/uploads\/2020\/12\/WhatsApp-Image-2020-12-01-at-13.51.29-1.jpeg 899w\" sizes=\"(max-width: 576px) 100vw, 576px\" \/><\/a><\/figure><\/li><li class=\"blocks-gallery-item\"><figure><a href=\"https:\/\/avvbufala.org\/wp-content\/uploads\/2020\/12\/WhatsApp-Image-2020-12-01-at-13.51.28.jpeg\"><img loading=\"lazy\" decoding=\"async\" width=\"768\" height=\"1024\" src=\"https:\/\/avvbufala.org\/wp-content\/uploads\/2020\/12\/WhatsApp-Image-2020-12-01-at-13.51.28-768x1024.jpeg\" alt=\"\" data-id=\"5134\" data-full-url=\"https:\/\/avvbufala.org\/wp-content\/uploads\/2020\/12\/WhatsApp-Image-2020-12-01-at-13.51.28.jpeg\" data-link=\"https:\/\/avvbufala.org\/grup-dones\/whatsapp-image-2020-12-01-at-13-51-28\/\" class=\"wp-image-5134\" srcset=\"https:\/\/avvbufala.org\/wp-content\/uploads\/2020\/12\/WhatsApp-Image-2020-12-01-at-13.51.28-768x1024.jpeg 768w, https:\/\/avvbufala.org\/wp-content\/uploads\/2020\/12\/WhatsApp-Image-2020-12-01-at-13.51.28-225x300.jpeg 225w, https:\/\/avvbufala.org\/wp-content\/uploads\/2020\/12\/WhatsApp-Image-2020-12-01-at-13.51.28-1152x1536.jpeg 1152w, https:\/\/avvbufala.org\/wp-content\/uploads\/2020\/12\/WhatsApp-Image-2020-12-01-at-13.51.28-45x60.jpeg 45w, https:\/\/avvbufala.org\/wp-content\/uploads\/2020\/12\/WhatsApp-Image-2020-12-01-at-13.51.28.jpeg 1200w\" sizes=\"(max-width: 768px) 100vw, 768px\" \/><\/a><\/figure><\/li><li class=\"blocks-gallery-item\"><figure><a href=\"https:\/\/avvbufala.org\/wp-content\/uploads\/2020\/12\/WhatsApp-Image-2020-12-01-at-13.51.28-1.jpeg\"><img loading=\"lazy\" decoding=\"async\" width=\"576\" height=\"1024\" src=\"https:\/\/avvbufala.org\/wp-content\/uploads\/2020\/12\/WhatsApp-Image-2020-12-01-at-13.51.28-1-576x1024.jpeg\" alt=\"\" data-id=\"5133\" data-full-url=\"https:\/\/avvbufala.org\/wp-content\/uploads\/2020\/12\/WhatsApp-Image-2020-12-01-at-13.51.28-1.jpeg\" data-link=\"https:\/\/avvbufala.org\/grup-dones\/whatsapp-image-2020-12-01-at-13-51-28-1\/\" class=\"wp-image-5133\" srcset=\"https:\/\/avvbufala.org\/wp-content\/uploads\/2020\/12\/WhatsApp-Image-2020-12-01-at-13.51.28-1-576x1024.jpeg 576w, https:\/\/avvbufala.org\/wp-content\/uploads\/2020\/12\/WhatsApp-Image-2020-12-01-at-13.51.28-1-169x300.jpeg 169w, https:\/\/avvbufala.org\/wp-content\/uploads\/2020\/12\/WhatsApp-Image-2020-12-01-at-13.51.28-1-768x1366.jpeg 768w, https:\/\/avvbufala.org\/wp-content\/uploads\/2020\/12\/WhatsApp-Image-2020-12-01-at-13.51.28-1-864x1536.jpeg 864w, https:\/\/avvbufala.org\/wp-content\/uploads\/2020\/12\/WhatsApp-Image-2020-12-01-at-13.51.28-1-34x60.jpeg 34w, https:\/\/avvbufala.org\/wp-content\/uploads\/2020\/12\/WhatsApp-Image-2020-12-01-at-13.51.28-1.jpeg 899w\" sizes=\"(max-width: 576px) 100vw, 576px\" \/><\/a><\/figure><\/li><\/ul><\/figure>\n","protected":false},"excerpt":{"rendered":"<p>Som un grup de dones que ens trobem per a organitzar activitats al barri de Bufal\u00e0 amb els objectius de donar visibilitzaci\u00f3 i empoderament a les dones, i promoure una societat m\u00e9s&nbsp;igualit\u00e0ria&nbsp;i lliure de viol\u00e8ncia masclista. Organitzem accions al llarg de&nbsp;l&#8217;any, especialment a&nbsp;l&#8217;entorn&nbsp;dels dies internacionals de la lluita contra la viol\u00e8ncia de g\u00e8nere i de &hellip; <\/p>\n","protected":false},"author":1,"featured_media":0,"parent":0,"menu_order":0,"comment_status":"closed","ping_status":"closed","template":"","meta":{"ngg_post_thumbnail":0,"footnotes":""},"_links":{"self":[{"href":"https:\/\/avvbufala.org\/index.php?rest_route=\/wp\/v2\/pages\/3801"}],"collection":[{"href":"https:\/\/avvbufala.org\/index.php?rest_route=\/wp\/v2\/pages"}],"about":[{"href":"https:\/\/avvbufala.org\/index.php?rest_route=\/wp\/v2\/types\/page"}],"author":[{"embeddable":true,"href":"https:\/\/avvbufala.org\/index.php?rest_route=\/wp\/v2\/users\/1"}],"replies":[{"embeddable":true,"href":"https:\/\/avvbufala.org\/index.php?rest_route=%2Fwp%2Fv2%2Fcomments&post=3801"}],"version-history":[{"count":0,"href":"https:\/\/avvbufala.org\/index.php?rest_route=\/wp\/v2\/pages\/3801\/revisions"}],"wp:attachment":[{"href":"https:\/\/avvbufala.org\/index.php?rest_route=%2Fwp%2Fv2%2Fmedia&parent=3801"}],"curies":[{"name":"wp","href":"https:\/\/api.w.org\/{rel}","templated":true}]}}