{"id":3835,"date":"2020-11-09T09:14:46","date_gmt":"2020-11-09T09:14:46","guid":{"rendered":"https:\/\/avvbufala.org\/?page_id=3835"},"modified":"2020-12-18T10:42:21","modified_gmt":"2020-12-18T10:42:21","slug":"club-de-cine","status":"publish","type":"page","link":"https:\/\/avvbufala.org\/?page_id=3835","title":{"rendered":"CLUB DE CINE"},"content":{"rendered":"<p style=\"text-align: center;\"><img fetchpriority=\"high\" decoding=\"async\" class=\"aligncenter\" src=\"https:\/\/avvbufala.org\/wp-content\/uploads\/2020\/11\/horario-cine-300x262.jpg\" sizes=\"(max-width: 300px) 100vw, 300px\" srcset=\"https:\/\/avvbufala.org\/wp-content\/uploads\/2020\/11\/horario-cine-300x262.jpg 300w, https:\/\/avvbufala.org\/wp-content\/uploads\/2020\/11\/horario-cine.jpg 480w\" alt=\"\" width=\"300\" height=\"262\"><br \/>\nEl Club&nbsp;proposa&nbsp;una pel\u00b7l\u00edcula per a&nbsp;qu\u00e8&nbsp;cada participant la vegi al seu propi&nbsp;domicili.&nbsp;Dies abans de fer&nbsp;l&#8217;activitat, el Club anir\u00e0 generant continguts al bloc i a les xarxes socials perqu\u00e8 aquest serveixi de recolzament per al debat posterior. El dia de&nbsp;l&#8217;activitat&nbsp;tindr\u00e0 lloc un cinef\u00f2rum (tert\u00falia\/debat) sobre la pel\u00b7l\u00edcula proposada. El cinef\u00f2rum comptar\u00e0 amb una persona que introduir\u00e0 la pel\u00b7l\u00edcula i&nbsp;dinamitzar\u00e0 l&#8217;activitat&nbsp;per provocar la participaci\u00f3 de tots els assistents. Preparaci\u00f3 de continguts per a la dinamitzaci\u00f3 del cinef\u00f2rum (introducci\u00f3 de&nbsp;la&nbsp;pel\u00b7l\u00edcula, elaboraci\u00f3 d\u2019un petit gui\u00f3 amb temes rellevants i preguntes a dirigir als&nbsp;participants\u2026). Difusi\u00f3 i generaci\u00f3 de continguts digitals (bloc i xarxes socials). Difusi\u00f3 del club a trav\u00e9s de cartelleria i anuncis. Reorganitzaci\u00f3 de&nbsp;l&#8217;espai&nbsp;en cercle perqu\u00e8 tots els assistents es puguin veure i afavorir&nbsp;l&#8217;intercanvi d&#8217;opinions. Moderaci\u00f3 i dinamitzaci\u00f3 del debat per assegurar la participaci\u00f3 de tots els assistents. Portem tres anys funcionant i dos&nbsp;participant&nbsp;a les Jornades sobre igualtat de Bufal\u00e0, oferint un&nbsp;cinef\u00f2rum&nbsp;i posterior debat.<br \/>\nL&#8217;OBJECTIU&nbsp;DEL CLUB DE CINEMA BUFAL\u00c0 \u00c9S:<br \/>\nRecolzar-se en el llenguatge cinematogr\u00e0fic per generar un espai obert de debat, d\u2019an\u00e0lisi i discussi\u00f3 que permeti la construcci\u00f3&nbsp;d&#8217;un&nbsp;pensament cr\u00edtic entorn el cinema i totes les seves vessants art\u00edstiques,&nbsp;fomentant&nbsp;l&#8217;<wbr>intercanvi&nbsp;cultural, l&#8217;aprenentatge col\u00b7laboratiu, la interacci\u00f3 social i la participaci\u00f3 ve\u00efnal en&nbsp;l&#8217;\u00e0mbit&nbsp;del barri de Bufal\u00e0.&nbsp; &nbsp;<\/p>\n<p style=\"text-align: center;\">Si vols contactar amb&nbsp;nosaltres,&nbsp;fes-ho des&nbsp;d&#8217;aqu\u00ed:<br \/>\n<a style=\"color: #1155cc; font-size: 18px; font-family: Roboto, RobotoDraft, Helvetica, Arial, sans-serif; text-align: start;\" href=\"mailto:clubcinemabufala@gmail.com\" target=\"_blank\" rel=\"noopener noreferrer\">clubcinemabufala@gmail.com<\/a><br \/>\n<img decoding=\"async\" src=\"https:\/\/avvbufala.org\/wp-content\/uploads\/2020\/11\/cine.png\" sizes=\"(max-width: 810px) 100vw, 810px\" srcset=\"https:\/\/avvbufala.org\/wp-content\/uploads\/2020\/11\/cine.png 988w, https:\/\/avvbufala.org\/wp-content\/uploads\/2020\/11\/cine-300x115.png 300w, https:\/\/avvbufala.org\/wp-content\/uploads\/2020\/11\/cine-768x294.png 768w\" alt=\"\" width=\"810\" height=\"310\"><\/p>\n","protected":false},"excerpt":{"rendered":"<p>El Club&nbsp;proposa&nbsp;una pel\u00b7l\u00edcula per a&nbsp;qu\u00e8&nbsp;cada participant la vegi al seu propi&nbsp;domicili.&nbsp;Dies abans de fer&nbsp;l&#8217;activitat, el Club anir\u00e0 generant continguts al bloc i a les xarxes socials perqu\u00e8 aquest serveixi de recolzament per al debat posterior. El dia de&nbsp;l&#8217;activitat&nbsp;tindr\u00e0 lloc un cinef\u00f2rum (tert\u00falia\/debat) sobre la pel\u00b7l\u00edcula proposada. El cinef\u00f2rum comptar\u00e0 amb una persona que introduir\u00e0 la &hellip; <\/p>\n","protected":false},"author":1,"featured_media":0,"parent":0,"menu_order":0,"comment_status":"closed","ping_status":"closed","template":"","meta":{"ngg_post_thumbnail":0,"footnotes":""},"_links":{"self":[{"href":"https:\/\/avvbufala.org\/index.php?rest_route=\/wp\/v2\/pages\/3835"}],"collection":[{"href":"https:\/\/avvbufala.org\/index.php?rest_route=\/wp\/v2\/pages"}],"about":[{"href":"https:\/\/avvbufala.org\/index.php?rest_route=\/wp\/v2\/types\/page"}],"author":[{"embeddable":true,"href":"https:\/\/avvbufala.org\/index.php?rest_route=\/wp\/v2\/users\/1"}],"replies":[{"embeddable":true,"href":"https:\/\/avvbufala.org\/index.php?rest_route=%2Fwp%2Fv2%2Fcomments&post=3835"}],"version-history":[{"count":0,"href":"https:\/\/avvbufala.org\/index.php?rest_route=\/wp\/v2\/pages\/3835\/revisions"}],"wp:attachment":[{"href":"https:\/\/avvbufala.org\/index.php?rest_route=%2Fwp%2Fv2%2Fmedia&parent=3835"}],"curies":[{"name":"wp","href":"https:\/\/api.w.org\/{rel}","templated":true}]}}