{"id":3836,"date":"2020-11-09T09:14:46","date_gmt":"2020-11-09T09:14:46","guid":{"rendered":"https:\/\/avvbufala.org\/?page_id=3836"},"modified":"2022-01-30T18:20:11","modified_gmt":"2022-01-30T18:20:11","slug":"gimnastica-correctiva","status":"publish","type":"page","link":"https:\/\/avvbufala.org\/?page_id=3836","title":{"rendered":"GIMN\u00c0STICA CORRECTIVA"},"content":{"rendered":"<p style=\"text-align: center;\"><a href=\"https:\/\/avvbufala.org\/wp-content\/uploads\/2022\/01\/gimnastica.png\"><img fetchpriority=\"high\" decoding=\"async\" class=\"alignnone  wp-image-5792\" src=\"https:\/\/avvbufala.org\/wp-content\/uploads\/2022\/01\/gimnastica.png\" alt=\"\" width=\"336\" height=\"241\"><\/a><\/p>\n<p style=\"color: #000000; text-align: center;\">L&#8217;activitat consisteix en realitzar moviments&nbsp;repetitius naturals de les extremitats, del coll i de la cintura, sense resist\u00e8ncia, \u00e9s a dir,&nbsp;sense pes addicional i en la bona direcci\u00f3 per evitar lesions. Tonificant la musculatura i recuperant el moviment perdut.&nbsp;<\/p>\n<p style=\"color: #000000; text-align: center;\">El perfil dels assistents \u00e9s adults de 50 a 70 anys amb malalties cr\u00f2niques degut a traumatismes i accidents professionals per abusos de postures, sobrep\u00e8s&nbsp;i exposici\u00f3 repetitiva.&nbsp;<\/p>\n<p style=\"text-align: center;\">OBJECTIUS:<br \/>\n\u2013&nbsp;Aconseguir millores en processos inflamatoris per artrosi, artritis i lesions cr\u00f2niques. Estiraments de tendons i musculatura. Aix\u00ed com millorament de la coordinaci\u00f3 i els reflexes de tot el sistema corporal.<br \/>\n\u2013 Adquirir bons h\u00e0bits posturals.<br \/>\n\u2013 Fomentar els h\u00e0bits de vida saludable.<\/p>\n","protected":false},"excerpt":{"rendered":"<p>L&#8217;activitat consisteix en realitzar moviments&nbsp;repetitius naturals de les extremitats, del coll i de la cintura, sense resist\u00e8ncia, \u00e9s a dir,&nbsp;sense pes addicional i en la bona direcci\u00f3 per evitar lesions. Tonificant la musculatura i recuperant el moviment perdut.&nbsp; El perfil dels assistents \u00e9s adults de 50 a 70 anys amb malalties cr\u00f2niques degut a traumatismes &hellip; <\/p>\n","protected":false},"author":1,"featured_media":0,"parent":0,"menu_order":0,"comment_status":"closed","ping_status":"closed","template":"","meta":{"ngg_post_thumbnail":0,"footnotes":""},"_links":{"self":[{"href":"https:\/\/avvbufala.org\/index.php?rest_route=\/wp\/v2\/pages\/3836"}],"collection":[{"href":"https:\/\/avvbufala.org\/index.php?rest_route=\/wp\/v2\/pages"}],"about":[{"href":"https:\/\/avvbufala.org\/index.php?rest_route=\/wp\/v2\/types\/page"}],"author":[{"embeddable":true,"href":"https:\/\/avvbufala.org\/index.php?rest_route=\/wp\/v2\/users\/1"}],"replies":[{"embeddable":true,"href":"https:\/\/avvbufala.org\/index.php?rest_route=%2Fwp%2Fv2%2Fcomments&post=3836"}],"version-history":[{"count":0,"href":"https:\/\/avvbufala.org\/index.php?rest_route=\/wp\/v2\/pages\/3836\/revisions"}],"wp:attachment":[{"href":"https:\/\/avvbufala.org\/index.php?rest_route=%2Fwp%2Fv2%2Fmedia&parent=3836"}],"curies":[{"name":"wp","href":"https:\/\/api.w.org\/{rel}","templated":true}]}}