{"id":3838,"date":"2020-11-09T09:14:46","date_gmt":"2020-11-09T09:14:46","guid":{"rendered":"https:\/\/avvbufala.org\/?page_id=3838"},"modified":"2020-12-18T10:44:44","modified_gmt":"2020-12-18T10:44:44","slug":"rol","status":"publish","type":"page","link":"https:\/\/avvbufala.org\/?page_id=3838","title":{"rendered":"ROL"},"content":{"rendered":"<p><img fetchpriority=\"high\" decoding=\"async\" class=\"aligncenter\" src=\"https:\/\/avvbufala.org\/wp-content\/uploads\/2020\/11\/ROL-300x215.png\" sizes=\"(max-width: 300px) 100vw, 300px\" srcset=\"https:\/\/avvbufala.org\/wp-content\/uploads\/2020\/11\/ROL-300x215.png 300w, https:\/\/avvbufala.org\/wp-content\/uploads\/2020\/11\/ROL.png 400w\" alt=\"\" width=\"300\" height=\"215\"><\/p>\n<p style=\"color: #000000; text-align: center;\">El Rol \u00e9s un joc interactiu-narratiu en qu\u00e8 els jugadors assumeixen el paper de personatges imaginaris al llarg d&#8217;una hist\u00f2ria o trama, en la qual interpreten els seus di\u00e0legs i descriuen les seves accions. No hi ha un gui\u00f3 a seguir, ja que el desenvolupament de la hist\u00f2ria queda totalment subjecte a les decisions dels jugadors. Per aquesta ra\u00f3, la imaginaci\u00f3, la narraci\u00f3 oral, la originalitat i l&#8217;enginy s\u00f3n primordials per a l&#8217;adequat desenvolupament d&#8217;aquesta activitat.&nbsp;<\/p>\n<p style=\"color: #000000; text-align: center;\">Els grups estan formats per a joves els caps de setmana i els divendres&nbsp;es fa rol infantil per a nens a partir de 6 anys. Dissabtes mat\u00ed aprenen a narrar partides.<\/p>\n<p style=\"color: #000000; text-align: center;\">Els objectius de l&#8217;activitat s\u00f3n:<\/p>\n<p style=\"text-align: center;\">\u2013 Donar a con\u00e8ixer el rol al barri.\u2013 Fomentar la interacci\u00f3 i participaci\u00f3 dels joves al barri.\u2013 Mostrar la part m\u00e9s creativa de cadasc\u00fa.\u2013 Interactuar amb la resta de participants.&nbsp;&nbsp;<\/p>\n<figure><img decoding=\"async\" src=\"https:\/\/avvbufala.org\/wp-content\/uploads\/2020\/11\/rol-1.png\" sizes=\"(max-width: 512px) 100vw, 512px\" srcset=\"https:\/\/avvbufala.org\/wp-content\/uploads\/2020\/11\/rol-1.png 512w, https:\/\/avvbufala.org\/wp-content\/uploads\/2020\/11\/rol-1-300x166.png 300w, https:\/\/avvbufala.org\/wp-content\/uploads\/2020\/11\/rol-1-108x60.png 108w\" alt=\"\" width=\"512\" height=\"284\"><figcaption>Rol infantil<\/figcaption><\/figure>\n","protected":false},"excerpt":{"rendered":"<p>El Rol \u00e9s un joc interactiu-narratiu en qu\u00e8 els jugadors assumeixen el paper de personatges imaginaris al llarg d&#8217;una hist\u00f2ria o trama, en la qual interpreten els seus di\u00e0legs i descriuen les seves accions. No hi ha un gui\u00f3 a seguir, ja que el desenvolupament de la hist\u00f2ria queda totalment subjecte a les decisions dels &hellip; <\/p>\n","protected":false},"author":1,"featured_media":0,"parent":0,"menu_order":0,"comment_status":"closed","ping_status":"closed","template":"","meta":{"ngg_post_thumbnail":0,"footnotes":""},"_links":{"self":[{"href":"https:\/\/avvbufala.org\/index.php?rest_route=\/wp\/v2\/pages\/3838"}],"collection":[{"href":"https:\/\/avvbufala.org\/index.php?rest_route=\/wp\/v2\/pages"}],"about":[{"href":"https:\/\/avvbufala.org\/index.php?rest_route=\/wp\/v2\/types\/page"}],"author":[{"embeddable":true,"href":"https:\/\/avvbufala.org\/index.php?rest_route=\/wp\/v2\/users\/1"}],"replies":[{"embeddable":true,"href":"https:\/\/avvbufala.org\/index.php?rest_route=%2Fwp%2Fv2%2Fcomments&post=3838"}],"version-history":[{"count":0,"href":"https:\/\/avvbufala.org\/index.php?rest_route=\/wp\/v2\/pages\/3838\/revisions"}],"wp:attachment":[{"href":"https:\/\/avvbufala.org\/index.php?rest_route=%2Fwp%2Fv2%2Fmedia&parent=3838"}],"curies":[{"name":"wp","href":"https:\/\/api.w.org\/{rel}","templated":true}]}}