{"id":3841,"date":"2020-11-09T09:14:47","date_gmt":"2020-11-09T09:14:47","guid":{"rendered":"https:\/\/avvbufala.org\/?page_id=3841"},"modified":"2020-12-18T10:42:48","modified_gmt":"2020-12-18T10:42:48","slug":"fotografia","status":"publish","type":"page","link":"https:\/\/avvbufala.org\/?page_id=3841","title":{"rendered":"FOTOGRAFIA"},"content":{"rendered":"<p><img fetchpriority=\"high\" decoding=\"async\" class=\"aligncenter\" src=\"https:\/\/avvbufala.org\/wp-content\/uploads\/2020\/11\/horario-foto-300x300.jpg\" sizes=\"(max-width: 300px) 100vw, 300px\" srcset=\"https:\/\/avvbufala.org\/wp-content\/uploads\/2020\/11\/horario-foto-300x300.jpg 300w, https:\/\/avvbufala.org\/wp-content\/uploads\/2020\/11\/horario-foto-150x150.jpg 150w, https:\/\/avvbufala.org\/wp-content\/uploads\/2020\/11\/horario-foto.jpg 512w\" alt=\"\" width=\"300\" height=\"300\"><\/p>\n<p style=\"color: #000000; text-align: center;\">Grup d&#8217;aficionats que volen aprendre fotografia, base professional i tamb\u00e9 Photoshop.&nbsp; Col\u00b7laboren amb la revista del barri \u00abLA VEU DE BUFAL\u00c0\u00bb i&nbsp; fan&nbsp;les fotos dels diferents esdeveniments que es duen a terme durant l&#8217;any al barri. Alguns caps de setmana es fan sortides per practicar alguna t\u00e8cnica. Col\u00b7laboren amb altres entitats externes.&nbsp;<\/p>\n<p style=\"text-align: center;\">Els seus objectius s\u00f3n:<br \/>\n&nbsp;\u2013 Compartir els coneixements de fotografia amb els assistents del curs.<br \/>\n\u2013 Con\u00e8ixer els par\u00e0metres&nbsp;de la c\u00e0mera de fotos per poder utilitzar-la de manera manual.<br \/>\n&nbsp;\u2013 Donar a con\u00e8ixer l&#8217;eina Photoshop per fer retocs fotogr\u00e0fics.<br \/>\n\u2013 Participar en diferents esdeveniments culturals i esportius de la ciutat.<br \/>\n\u2013 Fomentar la relaci\u00f3 entre el ve\u00efnat.<br \/>\n<img decoding=\"async\" src=\"https:\/\/avvbufala.org\/wp-content\/uploads\/2020\/12\/image-17-768x512.png\" sizes=\"(max-width: 768px) 100vw, 768px\" srcset=\"https:\/\/avvbufala.org\/wp-content\/uploads\/2020\/12\/image-17-768x512.png 768w, https:\/\/avvbufala.org\/wp-content\/uploads\/2020\/12\/image-17-300x200.png 300w, https:\/\/avvbufala.org\/wp-content\/uploads\/2020\/12\/image-17-1024x683.png 1024w, https:\/\/avvbufala.org\/wp-content\/uploads\/2020\/12\/image-17-90x60.png 90w, https:\/\/avvbufala.org\/wp-content\/uploads\/2020\/12\/image-17.png 1200w\" alt=\"\" width=\"768\" height=\"512\"><\/p>\n","protected":false},"excerpt":{"rendered":"<p>Grup d&#8217;aficionats que volen aprendre fotografia, base professional i tamb\u00e9 Photoshop.&nbsp; Col\u00b7laboren amb la revista del barri \u00abLA VEU DE BUFAL\u00c0\u00bb i&nbsp; fan&nbsp;les fotos dels diferents esdeveniments que es duen a terme durant l&#8217;any al barri. Alguns caps de setmana es fan sortides per practicar alguna t\u00e8cnica. Col\u00b7laboren amb altres entitats externes.&nbsp; Els seus objectius &hellip; <\/p>\n","protected":false},"author":1,"featured_media":0,"parent":0,"menu_order":0,"comment_status":"closed","ping_status":"closed","template":"","meta":{"ngg_post_thumbnail":0,"footnotes":""},"_links":{"self":[{"href":"https:\/\/avvbufala.org\/index.php?rest_route=\/wp\/v2\/pages\/3841"}],"collection":[{"href":"https:\/\/avvbufala.org\/index.php?rest_route=\/wp\/v2\/pages"}],"about":[{"href":"https:\/\/avvbufala.org\/index.php?rest_route=\/wp\/v2\/types\/page"}],"author":[{"embeddable":true,"href":"https:\/\/avvbufala.org\/index.php?rest_route=\/wp\/v2\/users\/1"}],"replies":[{"embeddable":true,"href":"https:\/\/avvbufala.org\/index.php?rest_route=%2Fwp%2Fv2%2Fcomments&post=3841"}],"version-history":[{"count":0,"href":"https:\/\/avvbufala.org\/index.php?rest_route=\/wp\/v2\/pages\/3841\/revisions"}],"wp:attachment":[{"href":"https:\/\/avvbufala.org\/index.php?rest_route=%2Fwp%2Fv2%2Fmedia&parent=3841"}],"curies":[{"name":"wp","href":"https:\/\/api.w.org\/{rel}","templated":true}]}}