{"id":4176,"date":"2020-11-16T10:49:12","date_gmt":"2020-11-16T10:49:12","guid":{"rendered":"https:\/\/avvbufala.org\/?page_id=4176"},"modified":"2020-12-18T10:59:10","modified_gmt":"2020-12-18T10:59:10","slug":"projecte-de-millora-al-parc-torrents-i-llado","status":"publish","type":"page","link":"https:\/\/avvbufala.org\/?page_id=4176","title":{"rendered":"Projecte de millora al parc Torrents i Llad\u00f3"},"content":{"rendered":"<p style=\"text-align: center;\">Ja fa uns quants anys, vam traslladar a&nbsp;l&#8217;Ajuntament&nbsp;de Badalona la necessitat de fer un replantejament del Parc Torrents i Llad\u00f3 que es troba al costat de Roca i Pi, situat entre la Pla\u00e7a Boada i l\u2019Avinguda Mart\u00ed Pujol.&nbsp;Considerem que \u00e9s un espai verd que no es pot perdre i s\u2019ha d\u2019aprofitar m\u00e9s.&nbsp;Demanem l&#8217;Ajuntament&nbsp;que el nou model de parc contempli zones infantils i juvenils, per tal de poder donar resposta a una franja&nbsp;d&#8217;edat&nbsp; que no troba el seu espai de joc.&nbsp;&nbsp;Treballar per&nbsp;conscienciar&nbsp;la gent&nbsp;de fer \u00fas del pipican quan portin els gossos al parc, fer un bon \u00fas del mobiliari urb\u00e0 i mantenir net tot l\u2019espai,&nbsp;s\u00f3n&nbsp;alguns dels objectius principals pel que haurem de lluitar.&nbsp;El grup de treball d\u2019incid\u00e8ncies espai p\u00fablic de l\u2019Associaci\u00f3 de ve\u00efns resta a&nbsp;l&#8217;espera que&nbsp;l\u2019Ajuntament de Badalona posi data a la&nbsp;trobada,&nbsp;per iniciar el projecte participatiu de millora del parc.&nbsp;&nbsp;&nbsp;L&#8217;Ajuntament&nbsp;es va comprometre en estudiar conjuntament un nou&nbsp;model.<br \/>\n<img fetchpriority=\"high\" decoding=\"async\" src=\"https:\/\/avvbufala.org\/wp-content\/uploads\/2020\/11\/torrents-2.jpg\" sizes=\"(max-width: 512px) 100vw, 512px\" srcset=\"https:\/\/avvbufala.org\/wp-content\/uploads\/2020\/11\/torrents-2.jpg 512w, https:\/\/avvbufala.org\/wp-content\/uploads\/2020\/11\/torrents-2-300x200.jpg 300w, https:\/\/avvbufala.org\/wp-content\/uploads\/2020\/11\/torrents-2-90x60.jpg 90w\" alt=\"\" width=\"512\" height=\"342\"><br \/>\n<img decoding=\"async\" src=\"https:\/\/avvbufala.org\/wp-content\/uploads\/2020\/11\/torrents.jpg\" sizes=\"(max-width: 426px) 100vw, 426px\" srcset=\"https:\/\/avvbufala.org\/wp-content\/uploads\/2020\/11\/torrents.jpg 426w, https:\/\/avvbufala.org\/wp-content\/uploads\/2020\/11\/torrents-300x169.jpg 300w, https:\/\/avvbufala.org\/wp-content\/uploads\/2020\/11\/torrents-107x60.jpg 107w\" alt=\"\" width=\"426\" height=\"240\"><br \/>\n<img decoding=\"async\" src=\"https:\/\/avvbufala.org\/wp-content\/uploads\/2020\/12\/image-8-300x200.png\" sizes=\"(max-width: 300px) 100vw, 300px\" srcset=\"https:\/\/avvbufala.org\/wp-content\/uploads\/2020\/12\/image-8-300x200.png 300w, https:\/\/avvbufala.org\/wp-content\/uploads\/2020\/12\/image-8-90x60.png 90w, https:\/\/avvbufala.org\/wp-content\/uploads\/2020\/12\/image-8.png 512w\" alt=\"\" width=\"300\" height=\"200\"><\/p>\n","protected":false},"excerpt":{"rendered":"<p>Ja fa uns quants anys, vam traslladar a&nbsp;l&#8217;Ajuntament&nbsp;de Badalona la necessitat de fer un replantejament del Parc Torrents i Llad\u00f3 que es troba al costat de Roca i Pi, situat entre la Pla\u00e7a Boada i l\u2019Avinguda Mart\u00ed Pujol.&nbsp;Considerem que \u00e9s un espai verd que no es pot perdre i s\u2019ha d\u2019aprofitar m\u00e9s.&nbsp;Demanem l&#8217;Ajuntament&nbsp;que el nou &hellip; <\/p>\n","protected":false},"author":1,"featured_media":0,"parent":0,"menu_order":0,"comment_status":"closed","ping_status":"closed","template":"","meta":{"ngg_post_thumbnail":0,"footnotes":""},"_links":{"self":[{"href":"https:\/\/avvbufala.org\/index.php?rest_route=\/wp\/v2\/pages\/4176"}],"collection":[{"href":"https:\/\/avvbufala.org\/index.php?rest_route=\/wp\/v2\/pages"}],"about":[{"href":"https:\/\/avvbufala.org\/index.php?rest_route=\/wp\/v2\/types\/page"}],"author":[{"embeddable":true,"href":"https:\/\/avvbufala.org\/index.php?rest_route=\/wp\/v2\/users\/1"}],"replies":[{"embeddable":true,"href":"https:\/\/avvbufala.org\/index.php?rest_route=%2Fwp%2Fv2%2Fcomments&post=4176"}],"version-history":[{"count":0,"href":"https:\/\/avvbufala.org\/index.php?rest_route=\/wp\/v2\/pages\/4176\/revisions"}],"wp:attachment":[{"href":"https:\/\/avvbufala.org\/index.php?rest_route=%2Fwp%2Fv2%2Fmedia&parent=4176"}],"curies":[{"name":"wp","href":"https:\/\/api.w.org\/{rel}","templated":true}]}}