{"id":4177,"date":"2020-11-16T10:49:13","date_gmt":"2020-11-16T10:49:13","guid":{"rendered":"https:\/\/avvbufala.org\/?page_id=4177"},"modified":"2020-12-18T10:59:39","modified_gmt":"2020-12-18T10:59:39","slug":"salvem-ca-landal","status":"publish","type":"page","link":"https:\/\/avvbufala.org\/?page_id=4177","title":{"rendered":"Salvem Ca l&#8217;Andal"},"content":{"rendered":"<p style=\"text-align: center;\">La masia de Ca l\u2019Andal est\u00e0 situada al barri de Bufal\u00e0. Per a qui no la coneix es tracta d\u2019una masia del segle XV situada entre el carrer Independ\u00e8ncia i l\u2019Avinguda Mart\u00ed Pujol, just davant de l\u2019IMPO.<br \/>\nLa plataforma Salvem Ca l\u2019Andal est\u00e0 formada per un conjunt de persones i entitats que defensen la seva rehabilitaci\u00f3 per tal que en un futur, no gaire lluny\u00e0, sigui un equipament socio cultural.&nbsp; Podr\u00eda ser un equipament on diferents entitats culturals tinguin&nbsp;el seu espai de creaci\u00f3 i ser un punt de refer\u00e8ncia a la ciutat de Badalona.<br \/>\nSi esteu interessats en col\u00b7laborar,&nbsp; podeu enviar un correu a&nbsp;<a style=\"font-size: 1em;\" href=\"mailto:salvemcalandal@gmail.com\" target=\"_blank\" rel=\"noopener noreferrer\">salvemcalandal@gmail.com<\/a><br \/>\n<img fetchpriority=\"high\" decoding=\"async\" src=\"https:\/\/avvbufala.org\/wp-content\/uploads\/2020\/11\/sant-jordi.jpg\" sizes=\"(max-width: 810px) 100vw, 810px\" srcset=\"https:\/\/avvbufala.org\/wp-content\/uploads\/2020\/11\/sant-jordi.jpg 1024w, https:\/\/avvbufala.org\/wp-content\/uploads\/2020\/11\/sant-jordi-300x200.jpg 300w, https:\/\/avvbufala.org\/wp-content\/uploads\/2020\/11\/sant-jordi-768x512.jpg 768w\" alt=\"\" width=\"810\" height=\"540\"><br \/>\n<img decoding=\"async\" src=\"https:\/\/avvbufala.org\/wp-content\/uploads\/2020\/11\/mural-grafiti-1024x768.jpg\" sizes=\"(max-width: 810px) 100vw, 810px\" srcset=\"https:\/\/avvbufala.org\/wp-content\/uploads\/2020\/11\/mural-grafiti-1024x768.jpg 1024w, https:\/\/avvbufala.org\/wp-content\/uploads\/2020\/11\/mural-grafiti-300x225.jpg 300w, https:\/\/avvbufala.org\/wp-content\/uploads\/2020\/11\/mural-grafiti-768x576.jpg 768w, https:\/\/avvbufala.org\/wp-content\/uploads\/2020\/11\/mural-grafiti-1536x1152.jpg 1536w, https:\/\/avvbufala.org\/wp-content\/uploads\/2020\/11\/mural-grafiti.jpg 2048w\" alt=\"\" width=\"810\" height=\"608\"><\/p>\n","protected":false},"excerpt":{"rendered":"<p>La masia de Ca l\u2019Andal est\u00e0 situada al barri de Bufal\u00e0. Per a qui no la coneix es tracta d\u2019una masia del segle XV situada entre el carrer Independ\u00e8ncia i l\u2019Avinguda Mart\u00ed Pujol, just davant de l\u2019IMPO. La plataforma Salvem Ca l\u2019Andal est\u00e0 formada per un conjunt de persones i entitats que defensen la seva &hellip; <\/p>\n","protected":false},"author":1,"featured_media":0,"parent":0,"menu_order":0,"comment_status":"closed","ping_status":"closed","template":"","meta":{"ngg_post_thumbnail":0,"footnotes":""},"_links":{"self":[{"href":"https:\/\/avvbufala.org\/index.php?rest_route=\/wp\/v2\/pages\/4177"}],"collection":[{"href":"https:\/\/avvbufala.org\/index.php?rest_route=\/wp\/v2\/pages"}],"about":[{"href":"https:\/\/avvbufala.org\/index.php?rest_route=\/wp\/v2\/types\/page"}],"author":[{"embeddable":true,"href":"https:\/\/avvbufala.org\/index.php?rest_route=\/wp\/v2\/users\/1"}],"replies":[{"embeddable":true,"href":"https:\/\/avvbufala.org\/index.php?rest_route=%2Fwp%2Fv2%2Fcomments&post=4177"}],"version-history":[{"count":0,"href":"https:\/\/avvbufala.org\/index.php?rest_route=\/wp\/v2\/pages\/4177\/revisions"}],"wp:attachment":[{"href":"https:\/\/avvbufala.org\/index.php?rest_route=%2Fwp%2Fv2%2Fmedia&parent=4177"}],"curies":[{"name":"wp","href":"https:\/\/api.w.org\/{rel}","templated":true}]}}