{"id":4425,"date":"2020-11-23T10:48:31","date_gmt":"2020-11-23T10:48:31","guid":{"rendered":"https:\/\/avvbufala.org\/?page_id=4425"},"modified":"2022-02-08T15:56:30","modified_gmt":"2022-02-08T15:56:30","slug":"fes-te-voluntari-a","status":"publish","type":"page","link":"https:\/\/avvbufala.org\/?page_id=4425","title":{"rendered":"Fes-te voluntari\/a"},"content":{"rendered":"\t\t<div data-elementor-type=\"wp-page\" data-elementor-id=\"4425\" class=\"elementor elementor-4425\">\n\t\t\t\t\t\t<section class=\"elementor-section elementor-top-section elementor-element elementor-element-25c13793 elementor-section-boxed elementor-section-height-default elementor-section-height-default\" data-id=\"25c13793\" data-element_type=\"section\">\n\t\t\t\t\t\t<div class=\"elementor-container elementor-column-gap-default\">\n\t\t\t\t\t<div class=\"elementor-column elementor-col-100 elementor-top-column elementor-element elementor-element-66ed17a0\" data-id=\"66ed17a0\" data-element_type=\"column\">\n\t\t\t<div class=\"elementor-widget-wrap elementor-element-populated\">\n\t\t\t\t\t\t<div class=\"elementor-element elementor-element-4c725513 elementor-absolute elementor-widget elementor-widget-text-editor\" data-id=\"4c725513\" data-element_type=\"widget\" data-settings=\"{&quot;_position&quot;:&quot;absolute&quot;}\" data-widget_type=\"text-editor.default\">\n\t\t\t\t<div class=\"elementor-widget-container\">\n\t\t\t\t\t\t\t\t\t\n<p><span style=\"color: #000000;\">L&#8217;Associaci\u00f3 de ve\u00efns i ve\u00efnes de Bufal\u00e0 treballa per aconseguir un barri millor, on els nostres fills i filles puguin gaudir, passejar i sentir-se orgullosos del seu barri i la seva riquesa natural.<\/span><\/p>\n<p><span style=\"color: #000000;\"><\/span><\/p>\n<p><span style=\"color: #000000;\">A tots ens mouen motivacions personals per voler compartir, tots tenim alguna sensibilitat especial per desenvolupar, tots volem formar part de la hist\u00f2ria del nostre barri i \u00e9s per aix\u00f2 que us convidem a prendre consci\u00e8ncia i animar-vos a donar un cop de m\u00e0.<\/span><\/p>\n<p><span style=\"color: #000000;\"><\/span><\/p>\n<p><span style=\"color: #000000;\">Hi ha moltes coses que podeu fer i us estem esperant per, entre tots, tirar-les endavant.<\/span><\/p>\n<p><span style=\"color: #000000;\"><\/span><\/p>\n<p><span style=\"color: #000000;\">Si esteu interessats nom\u00e9s ens heu d&#8217;escriure a<\/span> <a style=\"font-size: 1em;\" href=\"mailto:avvbufala@gmail.com\">avvbufala@gmail.com<\/a><\/p>\n\t\t\t\t\t\t\t\t<\/div>\n\t\t\t\t<\/div>\n\t\t\t\t\t<\/div>\n\t\t<\/div>\n\t\t\t\t\t<\/div>\n\t\t<\/section>\n\t\t\t\t<section class=\"elementor-section elementor-top-section elementor-element elementor-element-bc0fcd0 elementor-section-boxed elementor-section-height-default elementor-section-height-default\" data-id=\"bc0fcd0\" data-element_type=\"section\">\n\t\t\t\t\t\t<div class=\"elementor-container elementor-column-gap-default\">\n\t\t\t\t\t<div class=\"elementor-column elementor-col-100 elementor-top-column elementor-element elementor-element-df0f613\" data-id=\"df0f613\" data-element_type=\"column\">\n\t\t\t<div class=\"elementor-widget-wrap elementor-element-populated\">\n\t\t\t\t\t\t<div class=\"elementor-element elementor-element-b9330bb elementor-widget elementor-widget-image\" data-id=\"b9330bb\" data-element_type=\"widget\" data-widget_type=\"image.default\">\n\t\t\t\t<div class=\"elementor-widget-container\">\n\t\t\t\t\t\t\t\t\t\t\t\t\t\t\t<img fetchpriority=\"high\" decoding=\"async\" width=\"810\" height=\"494\" src=\"https:\/\/avvbufala.org\/wp-content\/uploads\/2020\/12\/Ilustracio\u0301n-Marta-1024x625.png\" class=\"attachment-large size-large wp-image-5430\" alt=\"\" srcset=\"https:\/\/avvbufala.org\/wp-content\/uploads\/2020\/12\/Ilustracio\u0301n-Marta-1024x625.png 1024w, https:\/\/avvbufala.org\/wp-content\/uploads\/2020\/12\/Ilustracio\u0301n-Marta-300x183.png 300w, https:\/\/avvbufala.org\/wp-content\/uploads\/2020\/12\/Ilustracio\u0301n-Marta-768x469.png 768w, https:\/\/avvbufala.org\/wp-content\/uploads\/2020\/12\/Ilustracio\u0301n-Marta-1536x937.png 1536w, https:\/\/avvbufala.org\/wp-content\/uploads\/2020\/12\/Ilustracio\u0301n-Marta-2048x1250.png 2048w, https:\/\/avvbufala.org\/wp-content\/uploads\/2020\/12\/Ilustracio\u0301n-Marta-98x60.png 98w\" sizes=\"(max-width: 810px) 100vw, 810px\" \/>\t\t\t\t\t\t\t\t\t\t\t\t\t\t\t<\/div>\n\t\t\t\t<\/div>\n\t\t\t\t<div class=\"elementor-element elementor-element-840c523 elementor-widget elementor-widget-text-editor\" data-id=\"840c523\" data-element_type=\"widget\" data-widget_type=\"text-editor.default\">\n\t\t\t\t<div class=\"elementor-widget-container\">\n\t\t\t\t\t\t\t\t\t<div><span style=\"color: #000000;\">Potser us vindria de gust formar part de la Junta,&nbsp; ser voluntari de la biblioteca Maria Aur\u00e8lia Capmany,&nbsp; oferir un taller fixe o puntual, participar a les festes que es fan al barri, o col\u00b7laborar a la revista&#8230;..<\/span>&nbsp;<\/div>\n<div><span style=\"color: #000000;\">Animeu-vos a col\u00b7laborar. Us necessitem per fer un barri millor!!<\/span><\/div>\t\t\t\t\t\t\t\t<\/div>\n\t\t\t\t<\/div>\n\t\t\t\t\t<\/div>\n\t\t<\/div>\n\t\t\t\t\t<\/div>\n\t\t<\/section>\n\t\t\t\t<\/div>\n\t\t","protected":false},"excerpt":{"rendered":"<p>L&#8217;Associaci\u00f3 de ve\u00efns i ve\u00efnes de Bufal\u00e0 treballa per aconseguir un barri millor, on els nostres fills i filles puguin gaudir, passejar i sentir-se orgullosos del seu barri i la seva riquesa natural. A tots ens mouen motivacions personals per voler compartir, tots tenim alguna sensibilitat especial per desenvolupar, tots volem formar part de la &hellip; <\/p>\n","protected":false},"author":1,"featured_media":0,"parent":0,"menu_order":0,"comment_status":"closed","ping_status":"closed","template":"","meta":{"ngg_post_thumbnail":0,"footnotes":""},"_links":{"self":[{"href":"https:\/\/avvbufala.org\/index.php?rest_route=\/wp\/v2\/pages\/4425"}],"collection":[{"href":"https:\/\/avvbufala.org\/index.php?rest_route=\/wp\/v2\/pages"}],"about":[{"href":"https:\/\/avvbufala.org\/index.php?rest_route=\/wp\/v2\/types\/page"}],"author":[{"embeddable":true,"href":"https:\/\/avvbufala.org\/index.php?rest_route=\/wp\/v2\/users\/1"}],"replies":[{"embeddable":true,"href":"https:\/\/avvbufala.org\/index.php?rest_route=%2Fwp%2Fv2%2Fcomments&post=4425"}],"version-history":[{"count":3,"href":"https:\/\/avvbufala.org\/index.php?rest_route=\/wp\/v2\/pages\/4425\/revisions"}],"predecessor-version":[{"id":5826,"href":"https:\/\/avvbufala.org\/index.php?rest_route=\/wp\/v2\/pages\/4425\/revisions\/5826"}],"wp:attachment":[{"href":"https:\/\/avvbufala.org\/index.php?rest_route=%2Fwp%2Fv2%2Fmedia&parent=4425"}],"curies":[{"name":"wp","href":"https:\/\/api.w.org\/{rel}","templated":true}]}}