{"id":4427,"date":"2020-11-23T10:48:31","date_gmt":"2020-11-23T10:48:31","guid":{"rendered":"https:\/\/avvbufala.org\/?page_id=4427"},"modified":"2020-12-18T10:57:31","modified_gmt":"2020-12-18T10:57:31","slug":"fes-practiques-amb-nosaltres","status":"publish","type":"page","link":"https:\/\/avvbufala.org\/?page_id=4427","title":{"rendered":"Fes pr\u00e0ctiques amb nosaltres"},"content":{"rendered":"<p><\/p>\n\n\n<\/p>\n<p>Des de fa TRES anys l&#8217;Associaci\u00f3 de ve\u00efns de Bufal\u00e0 col\u00b7labora activament amb altres instituts, oferint pr\u00e0ctiques als seus alumnes i signant convenis amb diferents centres educatius.<\/p>\n<p>\n\n\n<p><\/p>\n<p><\/p>\n\n\n<\/p>\n<p><strong>EXPERI\u00c8NCIES<\/strong><\/p>\n<p>\n\n\n<p><\/p>\n<p><\/p>\n\n\n<\/p>\n<p>Alumnes de <a style=\"font-size: 1em; color: #3366ff;\" href=\"https:\/\/paugargallo.cat\/\">l&#8217;Escola d&#8217;art i disseny Pau Gargallo<\/a> d&#8217;il\u00b7lustraci\u00f3 o audiovisuals han fet les pr\u00e0ctiques amb nosaltres. Participen al grup de la revista \u00abLa veu de Bufal\u00e0\u00bb i tamb\u00e9 en altres enc\u00e0rrecs.<\/p>\n<p>\n\n\n<p><\/p>\n<p><\/p>\n\n\n<\/p>\n<p>Alumnes de <a style=\"font-size: 1em; color: #3366ff;\" href=\"https:\/\/elpuig.xeill.net\/\">l&#8217;Institut Puig Castellar<\/a> de Santa Coloma de Gramenet han estat els encarregats de renovar la nostra p\u00e0gina web.<\/p>\n<p>\n\n\n<p><\/p>\n<p><\/p>\n\n\n<\/p>\n<p>Alumnes de cicles formatius de la <a style=\"font-size: 1em;\" href=\"https:\/\/www.fundacionadsis.org\/es\">Fund. Adsis<\/a> tamb\u00e9 han fet pr\u00e0ctiques amb nosaltres (inform\u00e0tica i consergeria)<\/p>\n<p>\n\n\n<p><\/p>\n<p><\/p>\n\n\n<\/p>\n<p>Alumnes de l&#8217;institut <a style=\"font-size: 1em; color: #3366ff;\" href=\"https:\/\/www.escolesarrels.com\/\">Arrels-Blanquerna<\/a> del barri de La Morera han fet a la nostra biblioteca les hores corresponents de l&#8217;assignatura de serveis comunitaris.<\/p>\n<p>\n\n\n<p><\/p>\n<p><\/p>\n\n\n<\/p>\n<br><\/br>\n<p>Si esteu interessats\/ades en fer pr\u00e0ctiques amb nosaltres, escriviu-vos a\u00a0<a style=\"font-size: 1em; color: #3366ff;\" href=\"mailto:avvbufala@gmail.com\">avvbufala@gmail.com<\/a><\/p>\n<p>\n\n\n<p><\/p>","protected":false},"excerpt":{"rendered":"<p>Des de fa TRES anys l&#8217;Associaci\u00f3 de ve\u00efns de Bufal\u00e0 col\u00b7labora activament amb altres instituts, oferint pr\u00e0ctiques als seus alumnes i signant convenis amb diferents centres educatius. EXPERI\u00c8NCIES Alumnes de l&#8217;Escola d&#8217;art i disseny Pau Gargallo d&#8217;il\u00b7lustraci\u00f3 o audiovisuals han fet les pr\u00e0ctiques amb nosaltres. Participen al grup de la revista \u00abLa veu de Bufal\u00e0\u00bb &hellip; <\/p>\n","protected":false},"author":1,"featured_media":0,"parent":0,"menu_order":0,"comment_status":"closed","ping_status":"closed","template":"","meta":{"ngg_post_thumbnail":0,"footnotes":""},"_links":{"self":[{"href":"https:\/\/avvbufala.org\/index.php?rest_route=\/wp\/v2\/pages\/4427"}],"collection":[{"href":"https:\/\/avvbufala.org\/index.php?rest_route=\/wp\/v2\/pages"}],"about":[{"href":"https:\/\/avvbufala.org\/index.php?rest_route=\/wp\/v2\/types\/page"}],"author":[{"embeddable":true,"href":"https:\/\/avvbufala.org\/index.php?rest_route=\/wp\/v2\/users\/1"}],"replies":[{"embeddable":true,"href":"https:\/\/avvbufala.org\/index.php?rest_route=%2Fwp%2Fv2%2Fcomments&post=4427"}],"version-history":[{"count":0,"href":"https:\/\/avvbufala.org\/index.php?rest_route=\/wp\/v2\/pages\/4427\/revisions"}],"wp:attachment":[{"href":"https:\/\/avvbufala.org\/index.php?rest_route=%2Fwp%2Fv2%2Fmedia&parent=4427"}],"curies":[{"name":"wp","href":"https:\/\/api.w.org\/{rel}","templated":true}]}}