{"id":5164,"date":"2020-12-02T10:30:13","date_gmt":"2020-12-02T10:30:13","guid":{"rendered":"https:\/\/avvbufala.org\/?page_id=5164"},"modified":"2020-12-17T11:41:30","modified_gmt":"2020-12-17T11:41:30","slug":"festes-i-tradicions","status":"publish","type":"page","link":"https:\/\/avvbufala.org\/?page_id=5164","title":{"rendered":"Festes i tradicions"},"content":{"rendered":"<p style=\"text-align: center;\">Des de l&#8217;Associaci\u00f3 de ve\u00efns i ve\u00efnes de Bufal\u00e0, estem conven\u00e7uts de la import\u00e0ncia que tenen les festes de barri. S\u00f3n moments per retrobar-se, moments per gaudir, per con\u00e8ixer i descobrir altres espais del barri, per omplir de m\u00fasica, llums i colors els carrers de Bufal\u00e0.&nbsp; \u00c9s per aix\u00f2 que impulsem, dinamitzem i participem en diferents esdeveniments durant l&#8217;any, per tal de donar continuitat a les nostres tradicions. La cultura i les tradicions populars son dos eixos que simbolitzen pertenen\u00e7a a la terra i a les nostres arrels.&nbsp;Algunes d&#8217;aquestes tradicions son&nbsp; Carnestoltes, Sant Jordi, la Castanyada o el Nadal, per\u00f2 a l&#8217;actualitat s&#8217;ha anat ampliant el ventall, donant cabuda a altres celebracions com \u00e9s el Ramad\u00e0.&nbsp;Tamb\u00e9 hem anat incorporant altres activitats per treballar temes tant importants com son la Igualtat o la Salut mental.<br \/>\n<img fetchpriority=\"high\" decoding=\"async\" src=\"https:\/\/avvbufala.org\/wp-content\/uploads\/2020\/12\/cartell-2-724x1024.jpg\" sizes=\"(max-width: 724px) 100vw, 724px\" srcset=\"https:\/\/avvbufala.org\/wp-content\/uploads\/2020\/12\/cartell-2-724x1024.jpg 724w, https:\/\/avvbufala.org\/wp-content\/uploads\/2020\/12\/cartell-2-212x300.jpg 212w, https:\/\/avvbufala.org\/wp-content\/uploads\/2020\/12\/cartell-2-768x1086.jpg 768w, https:\/\/avvbufala.org\/wp-content\/uploads\/2020\/12\/cartell-2-1086x1536.jpg 1086w, https:\/\/avvbufala.org\/wp-content\/uploads\/2020\/12\/cartell-2-1448x2048.jpg 1448w, https:\/\/avvbufala.org\/wp-content\/uploads\/2020\/12\/cartell-2-42x60.jpg 42w, https:\/\/avvbufala.org\/wp-content\/uploads\/2020\/12\/cartell-2-scaled.jpg 1810w\" alt=\"\" width=\"724\" height=\"1024\"><\/p>\n","protected":false},"excerpt":{"rendered":"<p>Des de l&#8217;Associaci\u00f3 de ve\u00efns i ve\u00efnes de Bufal\u00e0, estem conven\u00e7uts de la import\u00e0ncia que tenen les festes de barri. S\u00f3n moments per retrobar-se, moments per gaudir, per con\u00e8ixer i descobrir altres espais del barri, per omplir de m\u00fasica, llums i colors els carrers de Bufal\u00e0.&nbsp; \u00c9s per aix\u00f2 que impulsem, dinamitzem i participem en &hellip; <\/p>\n","protected":false},"author":1,"featured_media":0,"parent":0,"menu_order":0,"comment_status":"closed","ping_status":"closed","template":"","meta":{"ngg_post_thumbnail":0,"footnotes":""},"_links":{"self":[{"href":"https:\/\/avvbufala.org\/index.php?rest_route=\/wp\/v2\/pages\/5164"}],"collection":[{"href":"https:\/\/avvbufala.org\/index.php?rest_route=\/wp\/v2\/pages"}],"about":[{"href":"https:\/\/avvbufala.org\/index.php?rest_route=\/wp\/v2\/types\/page"}],"author":[{"embeddable":true,"href":"https:\/\/avvbufala.org\/index.php?rest_route=\/wp\/v2\/users\/1"}],"replies":[{"embeddable":true,"href":"https:\/\/avvbufala.org\/index.php?rest_route=%2Fwp%2Fv2%2Fcomments&post=5164"}],"version-history":[{"count":0,"href":"https:\/\/avvbufala.org\/index.php?rest_route=\/wp\/v2\/pages\/5164\/revisions"}],"wp:attachment":[{"href":"https:\/\/avvbufala.org\/index.php?rest_route=%2Fwp%2Fv2%2Fmedia&parent=5164"}],"curies":[{"name":"wp","href":"https:\/\/api.w.org\/{rel}","templated":true}]}}