{"id":5173,"date":"2020-12-02T10:38:04","date_gmt":"2020-12-02T10:38:04","guid":{"rendered":"https:\/\/avvbufala.org\/?page_id=5173"},"modified":"2020-12-17T11:57:04","modified_gmt":"2020-12-17T11:57:04","slug":"festes-de-maig","status":"publish","type":"page","link":"https:\/\/avvbufala.org\/?page_id=5173","title":{"rendered":"Festes de Maig"},"content":{"rendered":"\n<p>Les festes de Bufal\u00e0 sempre s\u00f3n a finals de maig i s\u00f3n una oportunitat per treballar colze a colze amb altres entitats del barri, amb les que compartim la comissi\u00f3 de festes. I durant un parell de setmanes oferim un ventall ampli de propostes per a totes les edats i en diferents espais del barri.<\/p>\n\n\n\n<p>Entre elles:<\/p>\n\n\n\n<figure class=\"wp-block-gallery columns-3 is-cropped wp-block-gallery-1 is-layout-flex wp-block-gallery-is-layout-flex\"><ul class=\"blocks-gallery-grid\"><li class=\"blocks-gallery-item\"><figure><a href=\"https:\/\/avvbufala.org\/wp-content\/uploads\/2020\/12\/abb.jpg\"><img decoding=\"async\" width=\"163\" height=\"127\" src=\"https:\/\/avvbufala.org\/wp-content\/uploads\/2020\/12\/abb.jpg\" alt=\"\" data-id=\"5308\" data-full-url=\"https:\/\/avvbufala.org\/wp-content\/uploads\/2020\/12\/abb.jpg\" data-link=\"https:\/\/avvbufala.org\/abb\/\" class=\"wp-image-5308\" srcset=\"https:\/\/avvbufala.org\/wp-content\/uploads\/2020\/12\/abb.jpg 163w, https:\/\/avvbufala.org\/wp-content\/uploads\/2020\/12\/abb-77x60.jpg 77w\" sizes=\"(max-width: 163px) 100vw, 163px\" \/><\/a><figcaption class=\"blocks-gallery-item__caption\">Associaci\u00f3 B\u00e0squet Bufal\u00e0<\/figcaption><\/figure><\/li><li class=\"blocks-gallery-item\"><figure><a href=\"https:\/\/avvbufala.org\/wp-content\/uploads\/2020\/12\/logo-Mijac.gif\"><img decoding=\"async\" width=\"150\" height=\"150\" src=\"https:\/\/avvbufala.org\/wp-content\/uploads\/2020\/12\/logo-Mijac.gif\" alt=\"\" data-id=\"5344\" data-full-url=\"https:\/\/avvbufala.org\/wp-content\/uploads\/2020\/12\/logo-Mijac.gif\" data-link=\"https:\/\/avvbufala.org\/logo-mijac\/\" class=\"wp-image-5344\" srcset=\"https:\/\/avvbufala.org\/wp-content\/uploads\/2020\/12\/logo-Mijac.gif 150w, https:\/\/avvbufala.org\/wp-content\/uploads\/2020\/12\/logo-Mijac-60x60.gif 60w\" sizes=\"(max-width: 150px) 100vw, 150px\" \/><\/a><\/figure><\/li><li class=\"blocks-gallery-item\"><figure><a href=\"https:\/\/avvbufala.org\/wp-content\/uploads\/2020\/12\/Sin-titulo-15.jpg\"><img decoding=\"async\" width=\"221\" height=\"225\" src=\"https:\/\/avvbufala.org\/wp-content\/uploads\/2020\/12\/Sin-titulo-15.jpg\" alt=\"\" data-id=\"5368\" data-full-url=\"https:\/\/avvbufala.org\/wp-content\/uploads\/2020\/12\/Sin-titulo-15.jpg\" data-link=\"https:\/\/avvbufala.org\/sin-titulo-15\/\" class=\"wp-image-5368\" srcset=\"https:\/\/avvbufala.org\/wp-content\/uploads\/2020\/12\/Sin-titulo-15.jpg 221w, https:\/\/avvbufala.org\/wp-content\/uploads\/2020\/12\/Sin-titulo-15-59x60.jpg 59w\" sizes=\"(max-width: 221px) 100vw, 221px\" \/><\/a><\/figure><\/li><li class=\"blocks-gallery-item\"><figure><a href=\"https:\/\/avvbufala.org\/wp-content\/uploads\/2020\/12\/bufalacomerc\u0327.jpg\"><img loading=\"lazy\" decoding=\"async\" width=\"905\" height=\"737\" src=\"https:\/\/avvbufala.org\/wp-content\/uploads\/2020\/12\/bufalacomerc\u0327.jpg\" alt=\"\" data-id=\"5326\" data-full-url=\"https:\/\/avvbufala.org\/wp-content\/uploads\/2020\/12\/bufalacomerc\u0327.jpg\" data-link=\"https:\/\/avvbufala.org\/bufalacomerc%cc%a7\/\" class=\"wp-image-5326\" srcset=\"https:\/\/avvbufala.org\/wp-content\/uploads\/2020\/12\/bufalacomerc\u0327.jpg 905w, https:\/\/avvbufala.org\/wp-content\/uploads\/2020\/12\/bufalacomerc\u0327-300x244.jpg 300w, https:\/\/avvbufala.org\/wp-content\/uploads\/2020\/12\/bufalacomerc\u0327-768x625.jpg 768w, https:\/\/avvbufala.org\/wp-content\/uploads\/2020\/12\/bufalacomerc\u0327-74x60.jpg 74w\" sizes=\"(max-width: 905px) 100vw, 905px\" \/><\/a><\/figure><\/li><li class=\"blocks-gallery-item\"><figure><a href=\"https:\/\/avvbufala.org\/wp-content\/uploads\/2020\/12\/Sin-titulo-14.jpg\"><img loading=\"lazy\" decoding=\"async\" width=\"221\" height=\"225\" src=\"https:\/\/avvbufala.org\/wp-content\/uploads\/2020\/12\/Sin-titulo-14.jpg\" alt=\"\" data-id=\"5361\" data-full-url=\"https:\/\/avvbufala.org\/wp-content\/uploads\/2020\/12\/Sin-titulo-14.jpg\" data-link=\"https:\/\/avvbufala.org\/sin-titulo-14\/\" class=\"wp-image-5361\" srcset=\"https:\/\/avvbufala.org\/wp-content\/uploads\/2020\/12\/Sin-titulo-14.jpg 221w, https:\/\/avvbufala.org\/wp-content\/uploads\/2020\/12\/Sin-titulo-14-59x60.jpg 59w\" sizes=\"(max-width: 221px) 100vw, 221px\" \/><\/a><\/figure><\/li><\/ul><\/figure>\n\n\n<p><img loading=\"lazy\" decoding=\"async\" src=\"https:\/\/avvbufala.org\/wp-content\/uploads\/2020\/12\/image-26.png\" sizes=\"(max-width: 810px) 100vw, 810px\" srcset=\"https:\/\/avvbufala.org\/wp-content\/uploads\/2020\/12\/image-26.png 960w, https:\/\/avvbufala.org\/wp-content\/uploads\/2020\/12\/image-26-300x225.png 300w, https:\/\/avvbufala.org\/wp-content\/uploads\/2020\/12\/image-26-768x576.png 768w, https:\/\/avvbufala.org\/wp-content\/uploads\/2020\/12\/image-26-80x60.png 80w\" alt=\"\" width=\"810\" height=\"608\"><br><img loading=\"lazy\" decoding=\"async\" src=\"https:\/\/avvbufala.org\/wp-content\/uploads\/2020\/12\/image-27.png\" sizes=\"(max-width: 810px) 100vw, 810px\" srcset=\"https:\/\/avvbufala.org\/wp-content\/uploads\/2020\/12\/image-27.png 960w, https:\/\/avvbufala.org\/wp-content\/uploads\/2020\/12\/image-27-300x200.png 300w, https:\/\/avvbufala.org\/wp-content\/uploads\/2020\/12\/image-27-768x512.png 768w, https:\/\/avvbufala.org\/wp-content\/uploads\/2020\/12\/image-27-90x60.png 90w\" alt=\"\" width=\"810\" height=\"540\"><br><img loading=\"lazy\" decoding=\"async\" src=\"https:\/\/avvbufala.org\/wp-content\/uploads\/2020\/12\/image-28.png\" sizes=\"(max-width: 810px) 100vw, 810px\" srcset=\"https:\/\/avvbufala.org\/wp-content\/uploads\/2020\/12\/image-28.png 960w, https:\/\/avvbufala.org\/wp-content\/uploads\/2020\/12\/image-28-300x200.png 300w, https:\/\/avvbufala.org\/wp-content\/uploads\/2020\/12\/image-28-768x512.png 768w, https:\/\/avvbufala.org\/wp-content\/uploads\/2020\/12\/image-28-90x60.png 90w\" alt=\"\" width=\"810\" height=\"540\"><br><img loading=\"lazy\" decoding=\"async\" src=\"https:\/\/avvbufala.org\/wp-content\/uploads\/2020\/12\/image-29.png\" sizes=\"(max-width: 810px) 100vw, 810px\" srcset=\"https:\/\/avvbufala.org\/wp-content\/uploads\/2020\/12\/image-29.png 960w, https:\/\/avvbufala.org\/wp-content\/uploads\/2020\/12\/image-29-300x200.png 300w, https:\/\/avvbufala.org\/wp-content\/uploads\/2020\/12\/image-29-768x512.png 768w, https:\/\/avvbufala.org\/wp-content\/uploads\/2020\/12\/image-29-90x60.png 90w\" alt=\"\" width=\"810\" height=\"540\"><\/p>\n<p>&nbsp;<\/p>\n<p>&nbsp;<\/p>\n<figure class=\"gallery-item\">\n<figcaption id=\"gallery-1-5308\" class=\"wp-caption-text gallery-caption\"><\/figcaption>\n<\/figure>\n<figure class=\"gallery-item\"><\/figure>\n<figure class=\"gallery-item\"><\/figure>\n<figure class=\"gallery-item\"><\/figure>","protected":false},"excerpt":{"rendered":"<p>Les festes de Bufal\u00e0 sempre s\u00f3n a finals de maig i s\u00f3n una oportunitat per treballar colze a colze amb altres entitats del barri, amb les que compartim la comissi\u00f3 de festes. I durant un parell de setmanes oferim un ventall ampli de propostes per a totes les edats i en diferents espais del barri. &hellip; <\/p>\n","protected":false},"author":1,"featured_media":0,"parent":0,"menu_order":0,"comment_status":"closed","ping_status":"closed","template":"","meta":{"ngg_post_thumbnail":0,"footnotes":""},"_links":{"self":[{"href":"https:\/\/avvbufala.org\/index.php?rest_route=\/wp\/v2\/pages\/5173"}],"collection":[{"href":"https:\/\/avvbufala.org\/index.php?rest_route=\/wp\/v2\/pages"}],"about":[{"href":"https:\/\/avvbufala.org\/index.php?rest_route=\/wp\/v2\/types\/page"}],"author":[{"embeddable":true,"href":"https:\/\/avvbufala.org\/index.php?rest_route=\/wp\/v2\/users\/1"}],"replies":[{"embeddable":true,"href":"https:\/\/avvbufala.org\/index.php?rest_route=%2Fwp%2Fv2%2Fcomments&post=5173"}],"version-history":[{"count":0,"href":"https:\/\/avvbufala.org\/index.php?rest_route=\/wp\/v2\/pages\/5173\/revisions"}],"wp:attachment":[{"href":"https:\/\/avvbufala.org\/index.php?rest_route=%2Fwp%2Fv2%2Fmedia&parent=5173"}],"curies":[{"name":"wp","href":"https:\/\/api.w.org\/{rel}","templated":true}]}}