{"id":6021,"date":"2022-04-03T17:59:04","date_gmt":"2022-04-03T17:59:04","guid":{"rendered":"https:\/\/avvbufala.org\/?page_id=6021"},"modified":"2022-04-03T18:03:41","modified_gmt":"2022-04-03T18:03:41","slug":"oxigenem-cos-i-ment","status":"publish","type":"page","link":"https:\/\/avvbufala.org\/?page_id=6021","title":{"rendered":"OXIGENEM COS I MENT"},"content":{"rendered":"<p>&nbsp;<\/p>\n<p>&nbsp;<\/p>\n\n\n<p>De manera puntual, l&#8217;Alix Suarez, ve\u00efna del barri i amb gran experi\u00e8ncia en moltes coses, col\u00b7labora amb nosaltres, oferint aquesta activitat. Alguns cops tamb\u00e9 ho fem en fam\u00edlia.<br>Ens convida a pujar a la Serralada de Marina un diumenge al mat\u00ed, on passejarem conscientment despertant els nostres sentits, connectant amb la natura i gaudint de la nostra pres\u00e8ncia.<br>Finalitzem&nbsp;l&#8217;activitat amb una petita meditaci\u00f3 i esmorzem o prenem un t\u00e9.<br>Per fer l&#8217;activitat nom\u00e9s cal portar aigua, esterilla o tovallola i alguna cosa per picar i compartir. Per\u00f2 sobre tot moltes ganes de passar-ho b\u00e9 i connectar amb la natura.<br>Si esteu interessats en participar, consulteu quan ser\u00e0 la propera trobada o seguiu-nos a les xarxes i all\u00e0 us anirem informant.<\/p>\n\n\n\n<div class=\"wp-block-image\"><figure class=\"aligncenter size-full is-resized\"><img fetchpriority=\"high\" decoding=\"async\" src=\"https:\/\/avvbufala.org\/wp-content\/uploads\/2022\/04\/image.png\" alt=\"\" class=\"wp-image-6030\" width=\"383\" height=\"383\"\/><\/figure><\/div>\n\n\n\n<figure class=\"wp-block-image size-full\"><img decoding=\"async\" width=\"1440\" height=\"1440\" src=\"https:\/\/avvbufala.org\/wp-content\/uploads\/2022\/04\/image-1.png\" alt=\"\" class=\"wp-image-6031\"\/><\/figure>\n","protected":false},"excerpt":{"rendered":"<p>&nbsp; &nbsp; De manera puntual, l&#8217;Alix Suarez, ve\u00efna del barri i amb gran experi\u00e8ncia en moltes coses, col\u00b7labora amb nosaltres, oferint aquesta activitat. Alguns cops tamb\u00e9 ho fem en fam\u00edlia.Ens convida a pujar a la Serralada de Marina un diumenge al mat\u00ed, on passejarem conscientment despertant els nostres sentits, connectant amb la natura i gaudint &hellip; <\/p>\n","protected":false},"author":1,"featured_media":0,"parent":0,"menu_order":0,"comment_status":"closed","ping_status":"closed","template":"","meta":{"ngg_post_thumbnail":0,"footnotes":""},"_links":{"self":[{"href":"https:\/\/avvbufala.org\/index.php?rest_route=\/wp\/v2\/pages\/6021"}],"collection":[{"href":"https:\/\/avvbufala.org\/index.php?rest_route=\/wp\/v2\/pages"}],"about":[{"href":"https:\/\/avvbufala.org\/index.php?rest_route=\/wp\/v2\/types\/page"}],"author":[{"embeddable":true,"href":"https:\/\/avvbufala.org\/index.php?rest_route=\/wp\/v2\/users\/1"}],"replies":[{"embeddable":true,"href":"https:\/\/avvbufala.org\/index.php?rest_route=%2Fwp%2Fv2%2Fcomments&post=6021"}],"version-history":[{"count":10,"href":"https:\/\/avvbufala.org\/index.php?rest_route=\/wp\/v2\/pages\/6021\/revisions"}],"predecessor-version":[{"id":6033,"href":"https:\/\/avvbufala.org\/index.php?rest_route=\/wp\/v2\/pages\/6021\/revisions\/6033"}],"wp:attachment":[{"href":"https:\/\/avvbufala.org\/index.php?rest_route=%2Fwp%2Fv2%2Fmedia&parent=6021"}],"curies":[{"name":"wp","href":"https:\/\/api.w.org\/{rel}","templated":true}]}}