{"id":6544,"date":"2023-01-30T09:35:08","date_gmt":"2023-01-30T09:35:08","guid":{"rendered":"https:\/\/avvbufala.org\/?page_id=6544"},"modified":"2025-01-30T08:50:49","modified_gmt":"2025-01-30T08:50:49","slug":"benvinguts","status":"publish","type":"page","link":"https:\/\/avvbufala.org\/","title":{"rendered":"Benvinguts"},"content":{"rendered":"\t\t<div data-elementor-type=\"wp-page\" data-elementor-id=\"6544\" class=\"elementor elementor-6544\">\n\t\t\t\t\t\t<section class=\"elementor-section elementor-top-section elementor-element elementor-element-e2c71e8 elementor-section-full_width elementor-section-height-default elementor-section-height-default\" data-id=\"e2c71e8\" data-element_type=\"section\">\n\t\t\t\t\t\t<div class=\"elementor-container elementor-column-gap-default\">\n\t\t\t\t\t<div class=\"elementor-column elementor-col-100 elementor-top-column elementor-element elementor-element-667457a\" data-id=\"667457a\" data-element_type=\"column\">\n\t\t\t<div class=\"elementor-widget-wrap elementor-element-populated\">\n\t\t\t\t\t\t<div class=\"elementor-element elementor-element-5f3165b elementor-arrows-position-inside elementor-pagination-position-outside elementor-widget elementor-widget-image-carousel\" data-id=\"5f3165b\" data-element_type=\"widget\" data-settings=\"{&quot;slides_to_show&quot;:&quot;1&quot;,&quot;navigation&quot;:&quot;both&quot;,&quot;autoplay&quot;:&quot;yes&quot;,&quot;pause_on_hover&quot;:&quot;yes&quot;,&quot;pause_on_interaction&quot;:&quot;yes&quot;,&quot;autoplay_speed&quot;:5000,&quot;infinite&quot;:&quot;yes&quot;,&quot;effect&quot;:&quot;slide&quot;,&quot;speed&quot;:500}\" data-widget_type=\"image-carousel.default\">\n\t\t\t\t<div class=\"elementor-widget-container\">\n\t\t\t\t\t\t\t<div class=\"elementor-image-carousel-wrapper swiper\" role=\"region\" aria-roledescription=\"carousel\" aria-label=\"Carrusel de im\u00e1genes\" dir=\"ltr\">\n\t\t\t<div class=\"elementor-image-carousel swiper-wrapper\" aria-live=\"off\">\n\t\t\t\t\t\t\t\t<div class=\"swiper-slide\" role=\"group\" aria-roledescription=\"slide\" aria-label=\"1 de 2\"><figure class=\"swiper-slide-inner\"><img decoding=\"async\" class=\"swiper-slide-image\" src=\"https:\/\/avvbufala.org\/wp-content\/uploads\/2020\/01\/logo_negro_texto_negro_largo.png\" alt=\"logo_negro_texto_negro_largo\" \/><\/figure><\/div><div class=\"swiper-slide\" role=\"group\" aria-roledescription=\"slide\" aria-label=\"2 de 2\"><figure class=\"swiper-slide-inner\"><img decoding=\"async\" class=\"swiper-slide-image\" src=\"https:\/\/avvbufala.org\/wp-content\/uploads\/2020\/10\/mantenimiento-pagina-1536x307.jpg\" alt=\"mantenimiento pagina\" \/><\/figure><\/div>\t\t\t<\/div>\n\t\t\t\t\t\t\t\t\t\t\t\t<div class=\"elementor-swiper-button elementor-swiper-button-prev\" role=\"button\" tabindex=\"0\">\n\t\t\t\t\t\t<i aria-hidden=\"true\" class=\"eicon-chevron-left\"><\/i>\t\t\t\t\t<\/div>\n\t\t\t\t\t<div class=\"elementor-swiper-button elementor-swiper-button-next\" role=\"button\" tabindex=\"0\">\n\t\t\t\t\t\t<i aria-hidden=\"true\" class=\"eicon-chevron-right\"><\/i>\t\t\t\t\t<\/div>\n\t\t\t\t\n\t\t\t\t\t\t\t\t\t<div class=\"swiper-pagination\"><\/div>\n\t\t\t\t\t\t\t\t\t<\/div>\n\t\t\t\t\t\t<\/div>\n\t\t\t\t<\/div>\n\t\t\t\t\t<\/div>\n\t\t<\/div>\n\t\t\t\t\t<\/div>\n\t\t<\/section>\n\t\t\t\t<section class=\"elementor-section elementor-top-section elementor-element elementor-element-4d7ce6b animated-slow elementor-section-boxed elementor-section-height-default elementor-section-height-default\" data-id=\"4d7ce6b\" data-element_type=\"section\" data-settings=\"{&quot;animation&quot;:&quot;none&quot;,&quot;animation_delay&quot;:200}\">\n\t\t\t\t\t\t<div class=\"elementor-container elementor-column-gap-default\">\n\t\t\t\t\t<div class=\"elementor-column elementor-col-100 elementor-top-column elementor-element elementor-element-bd99d9f\" data-id=\"bd99d9f\" data-element_type=\"column\">\n\t\t\t<div class=\"elementor-widget-wrap elementor-element-populated\">\n\t\t\t\t\t\t<div class=\"elementor-element elementor-element-edbc323 elementor-widget elementor-widget-text-editor\" data-id=\"edbc323\" data-element_type=\"widget\" data-settings=\"{&quot;_animation&quot;:&quot;none&quot;}\" data-widget_type=\"text-editor.default\">\n\t\t\t\t<div class=\"elementor-widget-container\">\n\t\t\t\t\t\t\t\t\t<p><br><\/p>\n<p><span style=\"font-weight: var( --e-global-typography-text-font-weight );\">L\u2019Associaci\u00f3 de Ve\u00efns i Ve\u00efnes de Bufal\u00e0&nbsp;\u00e9s el lloc de trobada per qui vulgui millorar<\/span><span style=\"font-weight: var( --e-global-typography-text-font-weight ); color: rgb(255, 0, 0);\"> <strong>Bufal\u00e0<\/strong>.<\/span><span style=\"font-weight: var( --e-global-typography-text-font-weight );\"> En aquest espai ens reunim per buscar solucions als problemes que tenim com a ve\u00efns del barri.<\/span><br><\/p>\n<p>Som una entitat&nbsp;<strong><span style=\"color: #ff0000;\">sense \u00e0nim de lucre&nbsp;<\/span><\/strong>formada per voluntaris<em>.<\/em><\/p>\t\t\t\t\t\t\t\t<\/div>\n\t\t\t\t<\/div>\n\t\t\t\t\t<\/div>\n\t\t<\/div>\n\t\t\t\t\t<\/div>\n\t\t<\/section>\n\t\t\t\t<section class=\"elementor-section elementor-top-section elementor-element elementor-element-1e2e0cf elementor-section-boxed elementor-section-height-default elementor-section-height-default\" data-id=\"1e2e0cf\" data-element_type=\"section\">\n\t\t\t\t\t\t<div class=\"elementor-container elementor-column-gap-default\">\n\t\t\t\t\t<div class=\"elementor-column elementor-col-33 elementor-top-column elementor-element elementor-element-920a1f9\" data-id=\"920a1f9\" data-element_type=\"column\">\n\t\t\t<div class=\"elementor-widget-wrap elementor-element-populated\">\n\t\t\t\t\t\t<div class=\"elementor-element elementor-element-814b241 elementor-widget elementor-widget-image\" data-id=\"814b241\" data-element_type=\"widget\" data-settings=\"{&quot;_animation&quot;:&quot;none&quot;}\" data-widget_type=\"image.default\">\n\t\t\t\t<div class=\"elementor-widget-container\">\n\t\t\t\t\t\t\t\t\t\t\t\t\t\t\t\t<a href=\"https:\/\/twitter.com\/avvbufala?lang=he\">\n\t\t\t\t\t\t\t<img fetchpriority=\"high\" decoding=\"async\" width=\"768\" height=\"768\" src=\"https:\/\/avvbufala.org\/wp-content\/uploads\/2020\/10\/twitter-768x768.jpg\" class=\"elementor-animation-pulse attachment-medium_large size-medium_large wp-image-3531\" alt=\"\" srcset=\"https:\/\/avvbufala.org\/wp-content\/uploads\/2020\/10\/twitter-768x768.jpg 768w, https:\/\/avvbufala.org\/wp-content\/uploads\/2020\/10\/twitter-300x300.jpg 300w, https:\/\/avvbufala.org\/wp-content\/uploads\/2020\/10\/twitter-1024x1024.jpg 1024w, https:\/\/avvbufala.org\/wp-content\/uploads\/2020\/10\/twitter-150x150.jpg 150w, https:\/\/avvbufala.org\/wp-content\/uploads\/2020\/10\/twitter-1536x1536.jpg 1536w, https:\/\/avvbufala.org\/wp-content\/uploads\/2020\/10\/twitter.jpg 1687w\" sizes=\"(max-width: 768px) 100vw, 768px\" \/>\t\t\t\t\t\t\t\t<\/a>\n\t\t\t\t\t\t\t\t\t\t\t\t\t\t\t<\/div>\n\t\t\t\t<\/div>\n\t\t\t\t\t<\/div>\n\t\t<\/div>\n\t\t\t\t<div class=\"elementor-column elementor-col-33 elementor-top-column elementor-element elementor-element-26d7ef5\" data-id=\"26d7ef5\" data-element_type=\"column\">\n\t\t\t<div class=\"elementor-widget-wrap elementor-element-populated\">\n\t\t\t\t\t\t<div class=\"elementor-element elementor-element-89592f8 animated-slow elementor-widget elementor-widget-image\" data-id=\"89592f8\" data-element_type=\"widget\" data-settings=\"{&quot;_animation&quot;:&quot;none&quot;}\" data-widget_type=\"image.default\">\n\t\t\t\t<div class=\"elementor-widget-container\">\n\t\t\t\t\t\t\t\t\t\t\t\t\t\t\t\t<a href=\"https:\/\/www.facebook.com\/avvbufala\">\n\t\t\t\t\t\t\t<img decoding=\"async\" width=\"512\" height=\"512\" src=\"https:\/\/avvbufala.org\/wp-content\/uploads\/2020\/10\/facebook.jpg\" class=\"elementor-animation-pulse attachment-medium_large size-medium_large wp-image-3538\" alt=\"\" srcset=\"https:\/\/avvbufala.org\/wp-content\/uploads\/2020\/10\/facebook.jpg 512w, https:\/\/avvbufala.org\/wp-content\/uploads\/2020\/10\/facebook-300x300.jpg 300w, https:\/\/avvbufala.org\/wp-content\/uploads\/2020\/10\/facebook-150x150.jpg 150w\" sizes=\"(max-width: 512px) 100vw, 512px\" \/>\t\t\t\t\t\t\t\t<\/a>\n\t\t\t\t\t\t\t\t\t\t\t\t\t\t\t<\/div>\n\t\t\t\t<\/div>\n\t\t\t\t\t<\/div>\n\t\t<\/div>\n\t\t\t\t<div class=\"elementor-column elementor-col-33 elementor-top-column elementor-element elementor-element-bea28a1\" data-id=\"bea28a1\" data-element_type=\"column\">\n\t\t\t<div class=\"elementor-widget-wrap elementor-element-populated\">\n\t\t\t\t\t\t<div class=\"elementor-element elementor-element-a9ae9ca animated-slow elementor-widget elementor-widget-image\" data-id=\"a9ae9ca\" data-element_type=\"widget\" data-settings=\"{&quot;_animation&quot;:&quot;none&quot;}\" data-widget_type=\"image.default\">\n\t\t\t\t<div class=\"elementor-widget-container\">\n\t\t\t\t\t\t\t\t\t\t\t\t\t\t\t\t<a href=\"https:\/\/www.instagram.com\/avvbufala\/\">\n\t\t\t\t\t\t\t<img decoding=\"async\" width=\"1\" height=\"1\" src=\"https:\/\/avvbufala.org\/wp-content\/uploads\/2020\/10\/instagram.webp\" class=\"elementor-animation-pulse attachment-medium_large size-medium_large wp-image-3542\" alt=\"\" \/>\t\t\t\t\t\t\t\t<\/a>\n\t\t\t\t\t\t\t\t\t\t\t\t\t\t\t<\/div>\n\t\t\t\t<\/div>\n\t\t\t\t\t<\/div>\n\t\t<\/div>\n\t\t\t\t\t<\/div>\n\t\t<\/section>\n\t\t\t\t<section class=\"elementor-section elementor-top-section elementor-element elementor-element-f353bc5 elementor-section-height-min-height elementor-section-boxed elementor-section-height-default elementor-section-items-middle\" data-id=\"f353bc5\" data-element_type=\"section\">\n\t\t\t\t\t\t<div class=\"elementor-container elementor-column-gap-wide\">\n\t\t\t\t\t<div class=\"elementor-column elementor-col-50 elementor-top-column elementor-element elementor-element-cabd0a5\" data-id=\"cabd0a5\" data-element_type=\"column\">\n\t\t\t<div class=\"elementor-widget-wrap elementor-element-populated\">\n\t\t\t\t\t\t<div class=\"elementor-element elementor-element-159cbdb elementor-widget__width-inherit elementor-widget elementor-widget-html\" data-id=\"159cbdb\" data-element_type=\"widget\" data-widget_type=\"html.default\">\n\t\t\t\t<div class=\"elementor-widget-container\">\n\t\t\t\t\t<iframe src=\"https:\/\/docs.google.com\/forms\/d\/e\/1FAIpQLSfWKyBTqtcqwr6jremuzYpc9g9bdXIxVW7WtTgp5c2iosEpiA\/viewform?embedded=true\" display=\"block\"  width=\"auto\" border=\"none\"\nmargin=\"0\" padding=\"0\" height=\"720px\">S&#39;est\u00e0 carregant...<\/iframe>\n\n\t\t\t\t<\/div>\n\t\t\t\t<\/div>\n\t\t\t\t\t<\/div>\n\t\t<\/div>\n\t\t\t\t<div class=\"elementor-column elementor-col-50 elementor-top-column elementor-element elementor-element-0254707\" data-id=\"0254707\" data-element_type=\"column\">\n\t\t\t<div class=\"elementor-widget-wrap elementor-element-populated\">\n\t\t\t\t\t\t<div class=\"elementor-element elementor-element-e4d263e elementor-widget elementor-widget-html\" data-id=\"e4d263e\" data-element_type=\"widget\" data-widget_type=\"html.default\">\n\t\t\t\t<div class=\"elementor-widget-container\">\n\t\t\t\t\t<a href=\"https:\/\/avvbufala.org\/wp-content\/uploads\/2016\/04\/anunci-socis-01.png\" target=\"_blank\"><img decoding=\"async\" src=\"https:\/\/avvbufala.org\/wp-content\/uploads\/2016\/04\/anunci-socis-01.png\" alt=\"border=&quot;0&quot;\" \/><\/a>\t\t\t\t<\/div>\n\t\t\t\t<\/div>\n\t\t\t\t\t<\/div>\n\t\t<\/div>\n\t\t\t\t\t<\/div>\n\t\t<\/section>\n\t\t\t\t<section class=\"elementor-section elementor-top-section elementor-element elementor-element-5d34c3f elementor-section-boxed elementor-section-height-default elementor-section-height-default\" data-id=\"5d34c3f\" data-element_type=\"section\">\n\t\t\t\t\t\t<div class=\"elementor-container elementor-column-gap-default\">\n\t\t\t\t\t<div class=\"elementor-column elementor-col-100 elementor-top-column elementor-element elementor-element-60cd2a0\" data-id=\"60cd2a0\" data-element_type=\"column\">\n\t\t\t<div class=\"elementor-widget-wrap elementor-element-populated\">\n\t\t\t\t\t\t<div class=\"elementor-element elementor-element-1780bfc elementor-widget elementor-widget-shortcode\" data-id=\"1780bfc\" data-element_type=\"widget\" data-widget_type=\"shortcode.default\">\n\t\t\t\t<div class=\"elementor-widget-container\">\n\t\t\t\t\t\t\t<div class=\"elementor-shortcode\"> [maxbutton name=\"Fes-te soci!\"]<\/div>\n\t\t\t\t\t\t<\/div>\n\t\t\t\t<\/div>\n\t\t\t\t\t<\/div>\n\t\t<\/div>\n\t\t\t\t\t<\/div>\n\t\t<\/section>\n\t\t\t\t<section class=\"elementor-section elementor-top-section elementor-element elementor-element-3717e4e elementor-section-boxed elementor-section-height-default elementor-section-height-default\" data-id=\"3717e4e\" data-element_type=\"section\">\n\t\t\t\t\t\t<div class=\"elementor-container elementor-column-gap-default\">\n\t\t\t\t\t<div class=\"elementor-column elementor-col-100 elementor-top-column elementor-element elementor-element-7dfe32d\" data-id=\"7dfe32d\" data-element_type=\"column\">\n\t\t\t<div class=\"elementor-widget-wrap elementor-element-populated\">\n\t\t\t\t\t\t<div class=\"elementor-element elementor-element-68ead24 elementor-button-warning elementor-widget__width-initial elementor-absolute elementor-widget elementor-widget-button\" data-id=\"68ead24\" data-element_type=\"widget\" data-settings=\"{&quot;_position&quot;:&quot;absolute&quot;}\" data-widget_type=\"button.default\">\n\t\t\t\t<div class=\"elementor-widget-container\">\n\t\t\t\t\t\t\t\t\t<div class=\"elementor-button-wrapper\">\n\t\t\t\t\t<a class=\"elementor-button elementor-button-link elementor-size-lg elementor-animation-pulse\" href=\"https:\/\/avvbufala.org\/nous-socis\/\">\n\t\t\t\t\t\t<span class=\"elementor-button-content-wrapper\">\n\t\t\t\t\t\t\t\t\t<span class=\"elementor-button-text\">Fes-te Soci!<\/span>\n\t\t\t\t\t<\/span>\n\t\t\t\t\t<\/a>\n\t\t\t\t<\/div>\n\t\t\t\t\t\t\t\t<\/div>\n\t\t\t\t<\/div>\n\t\t\t\t\t<\/div>\n\t\t<\/div>\n\t\t\t\t\t<\/div>\n\t\t<\/section>\n\t\t\t\t<\/div>\n\t\t","protected":false},"excerpt":{"rendered":"<p>Anterior Siguiente L\u2019Associaci\u00f3 de Ve\u00efns i Ve\u00efnes de Bufal\u00e0&nbsp;\u00e9s el lloc de trobada per qui vulgui millorar Bufal\u00e0. En aquest espai ens reunim per buscar solucions als problemes que tenim com a ve\u00efns del barri. Som una entitat&nbsp;sense \u00e0nim de lucre&nbsp;formada per voluntaris. S&#39;est\u00e0 carregant&#8230; [maxbutton name=\u00bbFes-te soci!\u00bb] Fes-te Soci!<\/p>\n","protected":false},"author":1,"featured_media":0,"parent":0,"menu_order":0,"comment_status":"closed","ping_status":"closed","template":"","meta":{"ngg_post_thumbnail":0,"footnotes":""},"_links":{"self":[{"href":"https:\/\/avvbufala.org\/index.php?rest_route=\/wp\/v2\/pages\/6544"}],"collection":[{"href":"https:\/\/avvbufala.org\/index.php?rest_route=\/wp\/v2\/pages"}],"about":[{"href":"https:\/\/avvbufala.org\/index.php?rest_route=\/wp\/v2\/types\/page"}],"author":[{"embeddable":true,"href":"https:\/\/avvbufala.org\/index.php?rest_route=\/wp\/v2\/users\/1"}],"replies":[{"embeddable":true,"href":"https:\/\/avvbufala.org\/index.php?rest_route=%2Fwp%2Fv2%2Fcomments&post=6544"}],"version-history":[{"count":3,"href":"https:\/\/avvbufala.org\/index.php?rest_route=\/wp\/v2\/pages\/6544\/revisions"}],"predecessor-version":[{"id":6744,"href":"https:\/\/avvbufala.org\/index.php?rest_route=\/wp\/v2\/pages\/6544\/revisions\/6744"}],"wp:attachment":[{"href":"https:\/\/avvbufala.org\/index.php?rest_route=%2Fwp%2Fv2%2Fmedia&parent=6544"}],"curies":[{"name":"wp","href":"https:\/\/api.w.org\/{rel}","templated":true}]}}